{"id":256272,"date":"2024-05-16T10:20:24","date_gmt":"2024-05-16T08:20:24","guid":{"rendered":"https:\/\/montedellevigne.it\/?page_id=256272"},"modified":"2026-01-16T09:35:03","modified_gmt":"2026-01-16T08:35:03","slug":"aperistreet","status":"publish","type":"page","link":"https:\/\/montedellevigne.it\/en\/aperistreet\/","title":{"rendered":"APERISTREET"},"content":{"rendered":"<p>[et_pb_section fb_built=&#8221;1&#8243; disabled_on=&#8221;off|off|off&#8221; _builder_version=&#8221;4.16&#8243; _module_preset=&#8221;default&#8221; background_image=&#8221;https:\/\/montedellevigne.it\/wp-content\/uploads\/2020\/06\/aperistreet._2.jpg&#8221; width=&#8221;100%&#8221; height=&#8221;600px&#8221; height_tablet=&#8221;100%&#8221; height_phone=&#8221;100%&#8221; height_last_edited=&#8221;on|phone&#8221; custom_padding=&#8221;0px||0px|||&#8221; locked=&#8221;off&#8221; collapsed=&#8221;off&#8221; global_colors_info=&#8221;{}&#8221;][et_pb_row make_equal=&#8221;on&#8221; custom_padding_last_edited=&#8221;on|phone&#8221; _builder_version=&#8221;4.16&#8243; use_background_color_gradient=&#8221;on&#8221; background_color_gradient_stops=&#8221;#1d1d1b 0%|rgba(0,0,0,0) 63%&#8221; background_color_gradient_start=&#8221;#1d1d1b&#8221; background_color_gradient_end=&#8221;rgba(0,0,0,0)&#8221; background_color_gradient_end_position=&#8221;63%&#8221; width=&#8221;100%&#8221; max_width=&#8221;100%&#8221; height=&#8221;100%&#8221; custom_padding_tablet=&#8221;60px||60px||true|false&#8221; custom_padding_phone=&#8221;50px||50px||true|false&#8221; custom_css_main_element=&#8221;margin: auto;&#8221; locked=&#8221;off&#8221; global_colors_info=&#8221;{}&#8221;][et_pb_column type=&#8221;4_4&#8243; _builder_version=&#8221;4.16&#8243; custom_css_main_element=&#8221;margin: auto;&#8221; global_colors_info=&#8221;{}&#8221;][et_pb_text _builder_version=&#8221;4.25.1&#8243; _module_preset=&#8221;default&#8221; text_text_color=&#8221;#FFFFFF&#8221; header_font=&#8221;Lato||||||||&#8221; header_text_color=&#8221;#FFFFFF&#8221; header_letter_spacing=&#8221;4px&#8221; header_2_font=&#8221;|600|||||||&#8221; header_2_text_color=&#8221;#FFFFFF&#8221; header_2_font_size=&#8221;60px&#8221; header_3_text_color=&#8221;#04999f&#8221; header_3_line_height=&#8221;1.7em&#8221; text_orientation=&#8221;center&#8221; width_tablet=&#8221;80%&#8221; width_phone=&#8221;&#8221; width_last_edited=&#8221;on|phone&#8221; module_alignment=&#8221;center&#8221; min_height=&#8221;100%&#8221; height=&#8221;100%&#8221; max_height=&#8221;100%&#8221; custom_margin=&#8221;|-10px|10px|-10px|false|false&#8221; animation_style=&#8221;fade&#8221; custom_css_main_element=&#8221;MARGIN: AUTO;&#8221; locked=&#8221;off&#8221; global_colors_info=&#8221;{}&#8221;]<\/p>\n<h3>eventi<\/h3>\n<h1>aperistreet in vigna<\/h1>\n<p>[\/et_pb_text][et_pb_divider color=&#8221;#04999f&#8221; divider_weight=&#8221;3px&#8221; _builder_version=&#8221;4.19.4&#8243; _module_preset=&#8221;default&#8221; width=&#8221;10%&#8221; width_tablet=&#8221;10%&#8221; width_phone=&#8221;10%&#8221; width_last_edited=&#8221;on|phone&#8221; module_alignment=&#8221;center&#8221; custom_margin=&#8221;0px||0px||false|false&#8221; custom_padding=&#8221;||50px||false|false&#8221; animation_style=&#8221;slide&#8221; animation_direction=&#8221;right&#8221; locked=&#8221;off&#8221; global_colors_info=&#8221;{}&#8221;][\/et_pb_divider][\/et_pb_column][\/et_pb_row][\/et_pb_section][et_pb_section fb_built=&#8221;1&#8243; disabled_on=&#8221;off|off|off&#8221; _builder_version=&#8221;4.16&#8243; _module_preset=&#8221;default&#8221; custom_padding=&#8221;||0px|||&#8221; locked=&#8221;off&#8221; global_colors_info=&#8221;{}&#8221;][et_pb_row _builder_version=&#8221;4.16&#8243; _module_preset=&#8221;default&#8221; width=&#8221;60%&#8221; width_tablet=&#8221;80%&#8221; width_phone=&#8221;&#8221; width_last_edited=&#8221;on|desktop&#8221; module_alignment=&#8221;center&#8221; custom_padding=&#8221;||0px|||&#8221; global_colors_info=&#8221;{}&#8221;][et_pb_column type=&#8221;4_4&#8243; _builder_version=&#8221;4.16&#8243; _module_preset=&#8221;default&#8221; global_colors_info=&#8221;{}&#8221;][et_pb_text _builder_version=&#8221;4.25.1&#8243; _module_preset=&#8221;default&#8221; text_text_color=&#8221;#FFFFFF&#8221; header_font=&#8221;Lato||||||||&#8221; header_text_color=&#8221;#FFFFFF&#8221; header_letter_spacing=&#8221;4px&#8221; header_2_font=&#8221;|600|||||||&#8221; header_2_text_color=&#8221;#FFFFFF&#8221; header_2_font_size=&#8221;60px&#8221; header_3_text_color=&#8221;#04999f&#8221; header_3_line_height=&#8221;1.7em&#8221; text_orientation=&#8221;center&#8221; width_tablet=&#8221;80%&#8221; width_phone=&#8221;&#8221; width_last_edited=&#8221;on|phone&#8221; module_alignment=&#8221;center&#8221; min_height=&#8221;100%&#8221; height=&#8221;100%&#8221; max_height=&#8221;100%&#8221; custom_margin=&#8221;|-10px|10px|-10px|false|false&#8221; animation_style=&#8221;fade&#8221; custom_css_main_element=&#8221;MARGIN: AUTO;&#8221; locked=&#8221;off&#8221; global_colors_info=&#8221;{}&#8221;]<\/p>\n<h3>eventi<\/h3>\n<h3>aperistreet in vigna<\/h3>\n<p>[\/et_pb_text][et_pb_divider color=&#8221;#04999f&#8221; divider_weight=&#8221;3px&#8221; _builder_version=&#8221;4.19.4&#8243; _module_preset=&#8221;default&#8221; width=&#8221;10%&#8221; width_tablet=&#8221;10%&#8221; width_phone=&#8221;10%&#8221; width_last_edited=&#8221;on|phone&#8221; module_alignment=&#8221;center&#8221; custom_margin=&#8221;0px||0px||false|false&#8221; custom_padding=&#8221;||50px||false|false&#8221; animation_style=&#8221;slide&#8221; animation_direction=&#8221;right&#8221; locked=&#8221;off&#8221; global_colors_info=&#8221;{}&#8221;][\/et_pb_divider][et_pb_text disabled_on=&#8221;on|on|off&#8221; _builder_version=&#8221;4.27.4&#8243; header_3_text_color=&#8221;#1D1D1B&#8221; header_3_line_height=&#8221;1.4em&#8221; text_orientation=&#8221;center&#8221; global_colors_info=&#8221;{}&#8221;]<\/p>\n<h3 style=\"text-align: center;\"><span style=\"font-size: 33px;\"><strong>aperistreet in vigna<\/strong>,<br \/><\/span><span style=\"color: #1d1d1b;\">l&#8217;aperitivo pi\u00f9<\/span> glamour <span style=\"color: #1d1d1b;\">dell&#8217;estate!<\/span><\/h3>\n<h2 style=\"text-align: center;\">VI ASPETTIAMO DAL 4 GIUGNO!!!<\/h2>\n<p style=\"text-align: center;\">\n<p>[\/et_pb_text][et_pb_text disabled_on=&#8221;off|off|on&#8221; _builder_version=&#8221;4.27.0&#8243; header_3_text_color=&#8221;#1D1D1B&#8221; header_3_line_height=&#8221;1.4em&#8221; text_orientation=&#8221;center&#8221; global_colors_info=&#8221;{}&#8221;]<\/p>\n<h3 style=\"text-align: center;\"><span style=\"font-size: 33px;\"><strong>aperistreet in vigna<\/strong>,<br \/><\/span><span style=\"color: #1d1d1b;\">l&#8217;aperitivo pi\u00f9<\/span> glamour <span style=\"color: #1d1d1b;\">dell&#8217;estate!<\/span><\/h3>\n<h2 style=\"text-align: center;\">VI ASPETTIAMO DAL 4 GIUGNO!!!<\/h2>\n<p><span style=\"color: #1d1d1b;\"><\/span><\/p>\n<p style=\"text-align: center;\">\n<p>[\/et_pb_text][et_pb_text _builder_version=&#8221;4.25.1&#8243; text_line_height=&#8221;2em&#8221; text_orientation=&#8221;justified&#8221; custom_margin=&#8221;||30px||false|false&#8221; locked=&#8221;off&#8221; global_colors_info=&#8221;{}&#8221;]<\/p>\n<p>Ogni <strong>gioved\u00ec<\/strong>\u00a0accogliamo i <em>wine lovers<\/em> in un contesto poetico e incantevole: le nostre vigne al tramonto.<\/p>\n<p>Qui potrai assaporare i nostri vini migliori e respirare la magica atmosfera in cui nascono, tutto questo in abbinamento alla nostra visione di <em>street food<\/em>, fondata sull\u2019attenzione al contesto di consumo e alla qualit\u00e0 dei prodotti. <em>Food truck<\/em> con proposte diverse e un ospite nuovo ogni settimana, oltre a formaggi e salumi tipici del territorio parmense: ogni serata \u00e8 una sorprendente esperienza di gusto, in un luogo dove il vino si fonde con la natura, diventando tutt\u2019uno con i colori e la magia dei tramonti estivi.<\/p>\n<p><strong>Dalle ore 19:00<\/strong>, potrai vivere dei momenti speciali, sorseggiando i vini Monte delle Vigne in abbinamento ai piatti proposti dai <em>food truck<\/em>, il tutto da godere in formato pic-nic.\u00a0Trascorri una serata speciale ammirando in compagnia il tramonto sui Colli di Parma!<\/p>\n<p>[\/et_pb_text][et_pb_button button_url=&#8221;@ET-DC@eyJkeW5hbWljIjp0cnVlLCJjb250ZW50IjoicG9zdF9saW5rX3VybF9wcm9kdWN0Iiwic2V0dGluZ3MiOnsicG9zdF9pZCI6IjY0MTUifX0=@&#8221; button_text=&#8221;PRENOTA L&#8217;INGRESSO&#8221; button_alignment=&#8221;center&#8221; disabled_on=&#8221;on|on|on&#8221; _builder_version=&#8221;4.27.0&#8243; _dynamic_attributes=&#8221;button_url&#8221; custom_button=&#8221;on&#8221; button_text_color=&#8221;#FFFFFF&#8221; button_bg_color=&#8221;#04999f&#8221; button_border_color=&#8221;RGBA(0,0,0,0)&#8221; custom_margin=&#8221;||80px||false|false&#8221; custom_padding=&#8221;20px|40px|20px|40px|true|true&#8221; custom_padding_tablet=&#8221;18px|50px|18px|50px|true|true&#8221; custom_padding_phone=&#8221;16px|40px|16px|40px|true|true&#8221; custom_padding_last_edited=&#8221;off|desktop&#8221; button_text_color_last_edited=&#8221;off|desktop&#8221; button_bg_color_last_edited=&#8221;off|desktop&#8221; disabled=&#8221;on&#8221; locked=&#8221;off&#8221; global_colors_info=&#8221;{}&#8221; button_text_color__hover=&#8221;#1D1D1B&#8221; button_text_color__hover_enabled=&#8221;on|hover&#8221; button_bg_color__hover=&#8221;#FFFFFF&#8221; button_bg_color__hover_enabled=&#8221;on|hover&#8221; button_border_color__hover_enabled=&#8221;on|hover&#8221; button_border_color__hover=&#8221;#04999f&#8221; button_bg_enable_color__hover=&#8221;on&#8221;][\/et_pb_button][et_pb_button button_url=&#8221;https:\/\/montedellevigne.it\/it\/degustazioni_eventi\/?experience=e15090d7-c42a-47b8-8d11-d9d910fb17a4&#8243; button_text=&#8221;PRENOTA L&#8217;INGRESSO&#8221; button_alignment=&#8221;center&#8221; disabled_on=&#8221;off|off|off&#8221; _builder_version=&#8221;4.27.4&#8243; custom_button=&#8221;on&#8221; button_text_color=&#8221;#FFFFFF&#8221; button_bg_color=&#8221;#04999f&#8221; button_border_color=&#8221;RGBA(0,0,0,0)&#8221; custom_margin=&#8221;||80px||false|false&#8221; custom_padding=&#8221;20px|40px|20px|40px|true|true&#8221; custom_padding_tablet=&#8221;18px|50px|18px|50px|true|true&#8221; custom_padding_phone=&#8221;16px|40px|16px|40px|true|true&#8221; custom_padding_last_edited=&#8221;off|desktop&#8221; button_text_color_last_edited=&#8221;off|desktop&#8221; button_bg_color_last_edited=&#8221;off|desktop&#8221; locked=&#8221;off&#8221; global_colors_info=&#8221;{}&#8221; button_text_color__hover=&#8221;#1D1D1B&#8221; button_text_color__hover_enabled=&#8221;on|hover&#8221; button_bg_color__hover=&#8221;#FFFFFF&#8221; button_bg_color__hover_enabled=&#8221;on|hover&#8221; button_border_color__hover_enabled=&#8221;on|hover&#8221; button_border_color__hover=&#8221;#04999f&#8221; button_bg_enable_color__hover=&#8221;on&#8221;][\/et_pb_button][\/et_pb_column][\/et_pb_row][\/et_pb_section]<\/p>\n","protected":false},"excerpt":{"rendered":"<p>eventi aperistreet in vignaeventi aperistreet in vignaaperistreet in vigna,l&#8217;aperitivo pi\u00f9 glamour dell&#8217;estate! VI ASPETTIAMO DAL 4 GIUGNO!!! aperistreet in vigna,l&#8217;aperitivo pi\u00f9 glamour dell&#8217;estate! VI ASPETTIAMO DAL 4 GIUGNO!!! Ogni gioved\u00ec\u00a0accogliamo i wine lovers in un contesto poetico e incantevole: le nostre vigne al tramonto. Qui potrai assaporare i nostri vini migliori e respirare la magica [&hellip;]<\/p>\n","protected":false},"author":1003,"featured_media":0,"parent":0,"menu_order":0,"comment_status":"closed","ping_status":"closed","template":"","meta":{"_et_pb_use_builder":"on","_et_pb_old_content":"","_et_gb_content_width":"","footnotes":""},"class_list":["post-256272","page","type-page","status-publish","hentry"],"yoast_head":"<!-- This site is optimized with the Yoast SEO plugin v27.4 - https:\/\/yoast.com\/product\/yoast-seo-wordpress\/ -->\n<title>APERISTREET - Monte delle Vigne<\/title>\n<meta name=\"robots\" content=\"index, follow, max-snippet:-1, max-image-preview:large, max-video-preview:-1\" \/>\n<link rel=\"canonical\" href=\"https:\/\/montedellevigne.it\/en\/aperistreet\/\" \/>\n<meta property=\"og:locale\" content=\"en_GB\" \/>\n<meta property=\"og:type\" content=\"article\" \/>\n<meta property=\"og:title\" content=\"APERISTREET - Monte delle Vigne\" \/>\n<meta property=\"og:description\" content=\"eventi aperistreet in vignaeventi aperistreet in vignaaperistreet in vigna,l&#039;aperitivo pi\u00f9 glamour dell&#039;estate! VI ASPETTIAMO DAL 4 GIUGNO!!! aperistreet in vigna,l&#039;aperitivo pi\u00f9 glamour dell&#039;estate! VI ASPETTIAMO DAL 4 GIUGNO!!! Ogni gioved\u00ec\u00a0accogliamo i wine lovers in un contesto poetico e incantevole: le nostre vigne al tramonto. Qui potrai assaporare i nostri vini migliori e respirare la magica [&hellip;]\" \/>\n<meta property=\"og:url\" content=\"https:\/\/montedellevigne.it\/en\/aperistreet\/\" \/>\n<meta property=\"og:site_name\" content=\"Monte delle Vigne\" \/>\n<meta property=\"article:modified_time\" content=\"2026-01-16T08:35:03+00:00\" \/>\n<meta name=\"twitter:card\" content=\"summary_large_image\" \/>\n<meta name=\"twitter:label1\" content=\"Estimated reading time\" \/>\n\t<meta name=\"twitter:data1\" content=\"1 minute\" \/>\n<script type=\"application\/ld+json\" class=\"yoast-schema-graph\">{\"@context\":\"https:\\\/\\\/schema.org\",\"@graph\":[{\"@type\":\"WebPage\",\"@id\":\"https:\\\/\\\/montedellevigne.it\\\/aperistreet\\\/\",\"url\":\"https:\\\/\\\/montedellevigne.it\\\/aperistreet\\\/\",\"name\":\"APERISTREET - Monte delle Vigne\",\"isPartOf\":{\"@id\":\"https:\\\/\\\/montedellevigne.it\\\/it\\\/#website\"},\"datePublished\":\"2024-05-16T08:20:24+00:00\",\"dateModified\":\"2026-01-16T08:35:03+00:00\",\"inLanguage\":\"en-GB\",\"potentialAction\":[{\"@type\":\"ReadAction\",\"target\":[\"https:\\\/\\\/montedellevigne.it\\\/aperistreet\\\/\"]}]},{\"@type\":\"WebSite\",\"@id\":\"https:\\\/\\\/montedellevigne.it\\\/it\\\/#website\",\"url\":\"https:\\\/\\\/montedellevigne.it\\\/it\\\/\",\"name\":\"Monte delle Vigne\",\"description\":\"\",\"publisher\":{\"@id\":\"https:\\\/\\\/montedellevigne.it\\\/it\\\/#organization\"},\"potentialAction\":[{\"@type\":\"SearchAction\",\"target\":{\"@type\":\"EntryPoint\",\"urlTemplate\":\"https:\\\/\\\/montedellevigne.it\\\/it\\\/?s={search_term_string}\"},\"query-input\":{\"@type\":\"PropertyValueSpecification\",\"valueRequired\":true,\"valueName\":\"search_term_string\"}}],\"inLanguage\":\"en-GB\"},{\"@type\":\"Organization\",\"@id\":\"https:\\\/\\\/montedellevigne.it\\\/it\\\/#organization\",\"name\":\"Monte delle Vigne\",\"url\":\"https:\\\/\\\/montedellevigne.it\\\/it\\\/\",\"logo\":{\"@type\":\"ImageObject\",\"inLanguage\":\"en-GB\",\"@id\":\"https:\\\/\\\/montedellevigne.it\\\/it\\\/#\\\/schema\\\/logo\\\/image\\\/\",\"url\":\"https:\\\/\\\/montedellevigne.it\\\/wp-content\\\/uploads\\\/2020\\\/05\\\/MdV-logo-trasp-no-foglia.png\",\"contentUrl\":\"https:\\\/\\\/montedellevigne.it\\\/wp-content\\\/uploads\\\/2020\\\/05\\\/MdV-logo-trasp-no-foglia.png\",\"width\":393,\"height\":200,\"caption\":\"Monte delle Vigne\"},\"image\":{\"@id\":\"https:\\\/\\\/montedellevigne.it\\\/it\\\/#\\\/schema\\\/logo\\\/image\\\/\"}}]}<\/script>\n<!-- \/ Yoast SEO plugin. -->","yoast_head_json":{"title":"APERISTREET - Monte delle Vigne","robots":{"index":"index","follow":"follow","max-snippet":"max-snippet:-1","max-image-preview":"max-image-preview:large","max-video-preview":"max-video-preview:-1"},"canonical":"https:\/\/montedellevigne.it\/en\/aperistreet\/","og_locale":"en_GB","og_type":"article","og_title":"APERISTREET - Monte delle Vigne","og_description":"eventi aperistreet in vignaeventi aperistreet in vignaaperistreet in vigna,l'aperitivo pi\u00f9 glamour dell'estate! VI ASPETTIAMO DAL 4 GIUGNO!!! aperistreet in vigna,l'aperitivo pi\u00f9 glamour dell'estate! VI ASPETTIAMO DAL 4 GIUGNO!!! Ogni gioved\u00ec\u00a0accogliamo i wine lovers in un contesto poetico e incantevole: le nostre vigne al tramonto. Qui potrai assaporare i nostri vini migliori e respirare la magica [&hellip;]","og_url":"https:\/\/montedellevigne.it\/en\/aperistreet\/","og_site_name":"Monte delle Vigne","article_modified_time":"2026-01-16T08:35:03+00:00","twitter_card":"summary_large_image","twitter_misc":{"Estimated reading time":"1 minute"},"schema":{"@context":"https:\/\/schema.org","@graph":[{"@type":"WebPage","@id":"https:\/\/montedellevigne.it\/aperistreet\/","url":"https:\/\/montedellevigne.it\/aperistreet\/","name":"APERISTREET - Monte delle Vigne","isPartOf":{"@id":"https:\/\/montedellevigne.it\/it\/#website"},"datePublished":"2024-05-16T08:20:24+00:00","dateModified":"2026-01-16T08:35:03+00:00","inLanguage":"en-GB","potentialAction":[{"@type":"ReadAction","target":["https:\/\/montedellevigne.it\/aperistreet\/"]}]},{"@type":"WebSite","@id":"https:\/\/montedellevigne.it\/it\/#website","url":"https:\/\/montedellevigne.it\/it\/","name":"Monte delle Vigne","description":"","publisher":{"@id":"https:\/\/montedellevigne.it\/it\/#organization"},"potentialAction":[{"@type":"SearchAction","target":{"@type":"EntryPoint","urlTemplate":"https:\/\/montedellevigne.it\/it\/?s={search_term_string}"},"query-input":{"@type":"PropertyValueSpecification","valueRequired":true,"valueName":"search_term_string"}}],"inLanguage":"en-GB"},{"@type":"Organization","@id":"https:\/\/montedellevigne.it\/it\/#organization","name":"Monte delle Vigne","url":"https:\/\/montedellevigne.it\/it\/","logo":{"@type":"ImageObject","inLanguage":"en-GB","@id":"https:\/\/montedellevigne.it\/it\/#\/schema\/logo\/image\/","url":"https:\/\/montedellevigne.it\/wp-content\/uploads\/2020\/05\/MdV-logo-trasp-no-foglia.png","contentUrl":"https:\/\/montedellevigne.it\/wp-content\/uploads\/2020\/05\/MdV-logo-trasp-no-foglia.png","width":393,"height":200,"caption":"Monte delle Vigne"},"image":{"@id":"https:\/\/montedellevigne.it\/it\/#\/schema\/logo\/image\/"}}]}},"_links":{"self":[{"href":"https:\/\/montedellevigne.it\/en\/wp-json\/wp\/v2\/pages\/256272","targetHints":{"allow":["GET"]}}],"collection":[{"href":"https:\/\/montedellevigne.it\/en\/wp-json\/wp\/v2\/pages"}],"about":[{"href":"https:\/\/montedellevigne.it\/en\/wp-json\/wp\/v2\/types\/page"}],"author":[{"embeddable":true,"href":"https:\/\/montedellevigne.it\/en\/wp-json\/wp\/v2\/users\/1003"}],"replies":[{"embeddable":true,"href":"https:\/\/montedellevigne.it\/en\/wp-json\/wp\/v2\/comments?post=256272"}],"version-history":[{"count":22,"href":"https:\/\/montedellevigne.it\/en\/wp-json\/wp\/v2\/pages\/256272\/revisions"}],"predecessor-version":[{"id":265200,"href":"https:\/\/montedellevigne.it\/en\/wp-json\/wp\/v2\/pages\/256272\/revisions\/265200"}],"wp:attachment":[{"href":"https:\/\/montedellevigne.it\/en\/wp-json\/wp\/v2\/media?parent=256272"}],"curies":[{"name":"wp","href":"https:\/\/api.w.org\/{rel}","templated":true}]}}