{"id":2033,"date":"2019-08-19T15:49:20","date_gmt":"2019-08-19T13:49:20","guid":{"rendered":"https:\/\/montedellevigne.it\/?page_id=2033"},"modified":"2021-04-28T12:13:19","modified_gmt":"2021-04-28T10:13:19","slug":"privacy-policy","status":"publish","type":"page","link":"https:\/\/montedellevigne.it\/it\/privacy-policy\/","title":{"rendered":"Privacy policy"},"content":{"rendered":"<p>[et_pb_section fb_built=&#8221;1&#8243; _builder_version=&#8221;3.22&#8243;][et_pb_row _builder_version=&#8221;3.25&#8243; background_size=&#8221;initial&#8221; background_position=&#8221;top_left&#8221; background_repeat=&#8221;repeat&#8221;][et_pb_column type=&#8221;4_4&#8243; _builder_version=&#8221;3.25&#8243; custom_padding=&#8221;|||&#8221; custom_padding__hover=&#8221;|||&#8221;][et_pb_text _builder_version=&#8221;4.9.4&#8243; background_size=&#8221;initial&#8221; background_position=&#8221;top_left&#8221; background_repeat=&#8221;repeat&#8221; hover_enabled=&#8221;0&#8243; text_orientation=&#8221;justified&#8221; header_3_text_color=&#8221;#C09E56&#8243; header_text_align=&#8221;center&#8221; header_5_text_color=&#8221;#1D1D1B&#8221; sticky_enabled=&#8221;0&#8243; header_5_text_align=&#8221;center&#8221;]<\/p>\n<h1>PRIVACY POLICY<\/h1>\n<h5>Informativa sul trattamento dei dati personali<br \/>(art. 13 GDPR 2016\/679)<\/h5>\n<p>&nbsp;<\/p>\n<h3>PERCHE\u2019 QUESTO AVVISO<\/h3>\n<p>In questa pagina si descrivono le modalit\u00e0 di gestione del sito in riferimento al trattamento dei dati personali degli utenti che lo consultano. Si tratta di un\u2019informativa che \u00e8 resa ai sensi di art. 13 del Regolamento UE 2016\/679 a coloro che interagiscono con i servizi web accessibili per via telematica a partire dall\u2019indirizzo: <a href=\"https:\/\/montedellevigne.it\/it\">https:\/\/montedellevigne.it\/it. <\/a>L\u2019informativa \u00e8 resa solo per il sito di Monte delle Vigne Srl e non anche per altri siti Web eventualmente consultati dall\u2019utente tramite link.<\/p>\n<h3>TITOLARE DEL TRATTAMENTO<\/h3>\n<p>A seguito della consultazione di questo sito possono essere trattati dati relativi a persone identificate o identificabili. Il Titolare del loro trattamento \u00e8 Monte delle Vigne Srl con sede legale in Via Monticello 22, Frazione Ozzano Taro (PR) 43044 Collecchio (PR) &#8211; Italia, nella persona del Legale Rappresentante.<\/p>\n<h3>RESPONSABILE DELLA PROTEZIONE DEI DATI<\/h3>\n<p>Il Titolare ha provveduto a nominare un Responsabile della protezione dei dati\/Data Protection Officer (Email: <a href=\"mailto:dpo@pizzarotti.it\" target=\"_blank\" rel=\"noopener noreferrer\">dpo@pizzarotti.it<\/a>) al quale \u00e8 possibile rivolgersi per esercitare tutti i diritti previsti dagli art.15-21 del GDPR (diritto di accesso, di rettifica, di cancellazione, di limitazione, di portabilit\u00e0, di opposizione), nonch\u00e9 revocare un consenso precedentemente accordato o proporre un reclamo all\u2019Autorit\u00e0 di controllo per la protezione dei dati personali.<\/p>\n<h3>FINALIT\u00c0 DEL TRATTAMENTO DEI DATI<\/h3>\n<p>I trattamenti connessi ai servizi web di questo sono curati solo da personale tecnico, oppure da eventuali autorizzati di occasionali operazioni di manutenzione.I dati personali forniti dagli utenti che inoltrano richieste di adesione ai servizi offerti sono utilizzati al solo fine di eseguire il servizio o la prestazione richiesta, e sono comunicati a terzi nel solo caso in cui ci\u00f2 sia a tal fine necessario.<\/p>\n<h3>MODALIT\u00c0 DEL TRATTAMENTO<\/h3>\n<p>I dati personali sono trattati con strumenti automatizzati per il tempo strettamente necessario a conseguire gli scopi per cui sono stati raccolti. Specifiche misure di sicurezza sono osservate per prevenire la perdita dei dati, usi illeciti o non corretti ed accessi non autorizzati.<\/p>\n<h3>CONFERIMENTO E FACOLTATIVIT\u00c0 DEL CONFERIMENTO DEI DATI<\/h3>\n<p>A parte quanto specificato per i dati di navigazione, l\u2019utente \u00e8 libero di fornire i dati personali riportati nei moduli informatici (<i>form<\/i>) di richiesta al Titolare del trattamento per accedere ai servizi offerti. Il loro mancato conferimento pu\u00f2 comportare l\u2019impossibilit\u00e0 di ottenere quanto richiesto.<\/p>\n<h3>COMUNICAZIONE DEI DATI<\/h3>\n<p>I dati personali relativi al trattamento in questione non risulteranno comunicati in alcun modo a terzi.<\/p>\n<h3>DIFFUSIONE DEI DATI<\/h3>\n<p>I dati personali trattati, in alcun modo, verranno portati a conoscenza di soggetti indeterminati.<\/p>\n<h3>TRASFERIMENTO ALL\u2019ESTERO<\/h3>\n<p>I dati personali trattati non risulteranno trasferiti all\u2019estero.<\/p>\n<h3>TIPI DI DATI TRATTATI<\/h3>\n<h3><\/h3>\n<h3>&#8211; DATI DI NAVIGAZIONE<\/h3>\n<p>I sistemi informatici e le procedure software preposte al funzionamento di questo sito Web acquisiscono, nel corso del loro normale esercizio, alcuni dati personali la cui trasmissione \u00e8 implicita nell\u2019uso dei protocolli di comunicazione di Internet. Si tratta di informazioni che non sono raccolte per essere associate a interessati identificati, ma che per loro stessa natura potrebbero, attraverso elaborazioni ed associazioni con dati detenuti da terzi, permettere di identificare gli utenti. In questa categoria di dati rientrano gli indirizzi IP o i nomi a dominio dei computer utilizzati dagli utenti che si connettono al sito, gli indirizzi in notazione URI (Uniform Resource Identifier) delle risorse richieste, l\u2019orario della richiesta, il metodo utilizzato nel sottoporre la richiesta al server, la dimensione del file ottenuto in risposta, il codice numerico indicante lo stato della risposta data dal server (buon fine, errore, ecc.) ed altri parametri relativi al sistema operativo e all\u2019ambiente informatico dell\u2019utente. Questi dati vengono utilizzati al solo fine di ricavare informazioni statistiche anonime sull\u2019uso del sito e per controllarne il corretto funzionamento e vengono cancellati immediatamente dopo l\u2019elaborazione. I dati potrebbero essere utilizzati per l\u2019accertamento di responsabilit\u00e0 in caso di ipotetici reati informatici ai danni del sito.<\/p>\n<h3>&#8211; DATI FORNITI VOLONTARIAMENTE DALL\u2019UTENTE<\/h3>\n<p>L\u2019invio facoltativo, esplicito e volontario di posta elettronica o altri dati attraverso i <i>form<\/i> presenti su questo sito, o attraverso gli eventuali indirizzi indicati su questo sito comporta la successiva acquisizione dell\u2019indirizzo del mittente, necessario per rispondere alle richieste, nonch\u00e9 degli eventuali altri dati personali inseriti nella missiva.<\/p>\n<p>Specifiche informative di sintesi verranno progressivamente riportate o visualizzate nelle pagine del sito predisposte per particolari servizi a richiesta.<\/p>\n<h3>COOKIE<\/h3>\n<p>La descrizione della tipologia di cookie utilizzati, loro gestione di utilizzo e finalit\u00e0, \u00e8 rimandata al paragrafo \u201cCookie Policy\u201d nel documento pubblicato su questo sito web.<\/p>\n<p><h3b>PERIODO DI CONSERVAZIONE DEI DATI: <\/h3b><\/p>\n<p>I dati personali sono trattati con strumenti automatizzati per il tempo strettamente necessario a conseguire gli scopi per cui sono stati raccolti.<\/p>\n<h3>DIRITTI DELL\u2019INTERESSATO (GDPR artt. 15-22)<\/h3>\n<p>In ogni momento, l\u2019interessato potr\u00e0 esercitare il diritto di:<\/p>\n<ul class=\"ul1\">\n<li class=\"li3\">chiedere la conferma dell\u2019esistenza o meno di propri dati personali.<\/li>\n<li class=\"li3\">ottenere le indicazioni circa le finalit\u00e0 del trattamento, le categorie dei dati personali, i destinatari o le categorie di destinatari a cui i dati personali sono stati o saranno comunicati e, quando possibile, il periodo di conservazione.<\/li>\n<li class=\"li3\">ottenere la rettifica e la cancellazione dei dati.<\/li>\n<li class=\"li3\">ottenere la limitazione del trattamento.<\/li>\n<li class=\"li3\">ottenere la portabilit\u00e0 dei dati, ossia riceverli da un titolare del trattamento, in un formato strutturato, di uso comune e leggibile da dispositivo automatico, e trasmetterli ad un altro titolare del trattamento senza impedimenti.<\/li>\n<li class=\"li3\">opporsi al trattamento in qualsiasi momento ed anche nel caso di trattamento per finalit\u00e0 di marketing diretto.<\/li>\n<li class=\"li3\">opporsi ad un processo decisionale automatizzato relativo alle persone fisiche, compresa la profilazione.<\/li>\n<li class=\"li3\">proporre un reclamo all\u2019Autorit\u00e0 Garante per la protezione dei dati Italiana.<\/li>\n<\/ul>\n<p>Le richieste vanno rivolte al Titolare del trattamento scrivendo a <a href=\"mailto:info@studiocru.com\" target=\"_blank\" rel=\"noopener noreferrer\">info@studiocru.com<\/a><\/p>\n<p>Ogni sforzo verr\u00e0 fatto per rendere il pi\u00f9 possibile interoperabili le funzionalit\u00e0 di questo sito con i meccanismi di controllo automatico della privacy disponibili in alcuni prodotti utilizzati dagli utenti.<\/p>\n<p>Considerando che lo stato di perfezionamento dei meccanismi automatici di controllo non li rende attualmente esenti da errori e disfunzioni, si precisa che il presente documento, pubblicato all\u2019indirizzo <strong><a href=\"https:\/\/montedellevigne.it\/privacy-policy\">https:\/\/montedellevigne.it\/privacy-policy<\/a> <\/strong>costituisce la \u201cPrivacy Policy\u201d di questo sito che sar\u00e0 soggetta ad aggiornamenti (restano le varie versioni consultabili al medesimo indirizzo).<\/p>\n<p>[\/et_pb_text][\/et_pb_column][\/et_pb_row][\/et_pb_section]<\/p>\n","protected":false},"excerpt":{"rendered":"<p>PRIVACY POLICY Informativa sul trattamento dei dati personali(art. 13 GDPR 2016\/679) &nbsp; PERCHE\u2019 QUESTO AVVISO In questa pagina si descrivono le modalit\u00e0 di gestione del sito in riferimento al trattamento dei dati personali degli utenti che lo consultano. Si tratta di un\u2019informativa che \u00e8 resa ai sensi di art. 13 del Regolamento UE 2016\/679 a [&hellip;]<\/p>\n","protected":false},"author":6,"featured_media":0,"parent":0,"menu_order":0,"comment_status":"closed","ping_status":"closed","template":"","meta":{"_et_pb_use_builder":"on","_et_pb_old_content":"[vc_row css=\".vc_custom_1567678753840{padding-top: 60px !important;}\"][vc_column][vc_column_text css=\".vc_custom_1568298395286{margin-top: 20px !important;}\" el_class=\"wine-title\"]\r\n<h5 style=\"text-align: center;\"><i>PRIVACY POLICY<\/i><\/h5>\r\n<h5 style=\"text-align: center;\"><i>Informativa sul trattamento dei dati personali (art. 13 GDPR 2016\/679)<\/i><\/h5>\r\n\u00a0\r\n<p class=\"p1\"><b>PERCHE\u2019 QUESTO AVVISO<\/b>\r\nIn questa pagina si descrivono le modalit\u00e0 di gestione del sito in riferimento al trattamento dei dati personali degli utenti che lo consultano. Si tratta di un\u2019informativa che \u00e8 resa ai sensi di art. 13 del Regolamento UE 2016\/679 a coloro che interagiscono con i servizi web accessibili per via telematica a partire dall\u2019indirizzo: <a href=\"https:\/\/montedellevigne.it\/it\">https:\/\/montedellevigne.it\/it. <\/a>L\u2019informativa \u00e8 resa solo per il sito di Monte delle Vigne Srl e non anche per altri siti Web eventualmente consultati dall\u2019utente tramite link.<\/p>\r\n<p class=\"p1\"><b>TITOLARE DEL TRATTAMENTO<\/b>\r\nA seguito della consultazione di questo sito possono essere trattati dati relativi a persone identificate o identificabili. Il Titolare del loro trattamento \u00e8 Monte delle Vigne Srl con sede legale in Via Monticello 22, Frazione Ozzano Taro (PR) 43044 Collecchio (PR) - Italia, nella persona del Legale Rappresentante.<\/p>\r\n<p class=\"p3\"><b>RESPONSABILE DELLA PROTEZIONE DEI DATI <\/b>\r\nIl Titolare ha provveduto a nominare un Responsabile della protezione dei dati\/Data Protection Officer (Email: <a href=\"mailto:dpo@pizzarotti.it\" target=\"_blank\" rel=\"noopener noreferrer\">dpo@pizzarotti.it<\/a>) al quale \u00e8 possibile rivolgersi per esercitare tutti i diritti previsti dagli art.15-21 del GDPR (diritto di accesso, di rettifica, di cancellazione, di limitazione, di portabilit\u00e0, di opposizione), nonch\u00e9 revocare un consenso precedentemente accordato o proporre un reclamo all\u2019Autorit\u00e0 di controllo per la protezione dei dati personali.<\/p>\r\n<p class=\"p1\"><b>FINALIT\u00c0 DEL TRATTAMENTO DEI DATI<\/b>\r\nI trattamenti connessi ai servizi web di questo sono curati solo da personale tecnico, oppure da eventuali autorizzati di occasionali operazioni di manutenzione.I dati personali forniti dagli utenti che inoltrano richieste di adesione ai servizi offerti sono utilizzati al solo fine di eseguire il servizio o la prestazione richiesta, e sono comunicati a terzi nel solo caso in cui ci\u00f2 sia a tal fine necessario.<\/p>\r\n<p class=\"p1\"><b>MODALIT\u00c0 DEL TRATTAMENTO<\/b>\r\nI dati personali sono trattati con strumenti automatizzati per il tempo strettamente necessario a conseguire gli scopi per cui sono stati raccolti. Specifiche misure di sicurezza sono osservate per prevenire la perdita dei dati, usi illeciti o non corretti ed accessi non autorizzati.<\/p>\r\n<p class=\"p1\"><b>CONFERIMENTO E FACOLTATIVIT\u00c0 DEL CONFERIMENTO DEI DATI <\/b>\r\nA parte quanto specificato per i dati di navigazione, l\u2019utente \u00e8 libero di fornire i dati personali riportati nei moduli informatici (<i>form<\/i>) di richiesta al Titolare del trattamento per accedere ai servizi offerti. Il loro mancato conferimento pu\u00f2 comportare l\u2019impossibilit\u00e0 di ottenere quanto richiesto.<\/p>\r\n<p class=\"p1\"><b>COMUNICAZIONE DEI DATI <\/b>\r\nI dati personali relativi al trattamento in questione non risulteranno comunicati in alcun modo a terzi.<\/p>\r\n<p class=\"p1\"><b>DIFFUSIONE DEI DATI <\/b>\r\nI dati personali trattati, in alcun modo, verranno portati a conoscenza di soggetti indeterminati.<\/p>\r\n<p class=\"p1\"><b>TRASFERIMENTO ALL\u2019ESTERO <\/b>\r\nI dati personali trattati non risulteranno trasferiti all\u2019estero.<\/p>\r\n<p class=\"p1\"><strong>TIPI DI DATI TRATTATI<\/strong><\/p>\r\n<p class=\"p1\"><em>DATI DI NAVIGAZIONE<\/em>\r\nI sistemi informatici e le procedure software preposte al funzionamento di questo sito Web acquisiscono, nel corso del loro normale esercizio, alcuni dati personali la cui trasmissione \u00e8 implicita nell\u2019uso dei protocolli di comunicazione di Internet. Si tratta di informazioni che non sono raccolte per essere associate a interessati identificati, ma che per loro stessa natura potrebbero, attraverso elaborazioni ed associazioni con dati detenuti da terzi, permettere di identificare gli utenti. In questa categoria di dati rientrano gli indirizzi IP o i nomi a dominio dei computer utilizzati dagli utenti che si connettono al sito, gli indirizzi in notazione URI (Uniform Resource Identifier) delle risorse richieste, l\u2019orario della richiesta, il metodo utilizzato nel sottoporre la richiesta al server, la dimensione del file ottenuto in risposta, il codice numerico indicante lo stato della risposta data dal server (buon fine, errore, ecc.) ed altri parametri relativi al sistema operativo e all\u2019ambiente informatico dell\u2019utente. Questi dati vengono utilizzati al solo fine di ricavare informazioni statistiche anonime sull\u2019uso del sito e per controllarne il corretto funzionamento e vengono cancellati immediatamente dopo l\u2019elaborazione. I dati potrebbero essere utilizzati per l\u2019accertamento di responsabilit\u00e0 in caso di ipotetici reati informatici ai danni del sito.<\/p>\r\n<p class=\"p1\"><i>DATI FORNITI VOLONTARIAMENTE DALL\u2019UTENTE<\/i>\r\nL\u2019invio facoltativo, esplicito e volontario di posta elettronica o altri dati attraverso i <i>form<\/i> presenti su questo sito, o attraverso gli eventuali indirizzi indicati su questo sito comporta la successiva acquisizione dell\u2019indirizzo del mittente, necessario per rispondere alle richieste, nonch\u00e9 degli eventuali altri dati personali inseriti nella missiva.<\/p>\r\n<p class=\"p1\">Specifiche informative di sintesi verranno progressivamente riportate o visualizzate nelle pagine del sito predisposte per particolari servizi a richiesta.<\/p>\r\n<p class=\"p1\"><i>COOKIE<\/i>\r\nLa descrizione della tipologia di cookie utilizzati, loro gestione di utilizzo e finalit\u00e0, \u00e8 rimandata al paragrafo \u201cCookie Policy\u201d nel documento pubblicato su questo sito web.<\/p>\r\n<p class=\"p3\"><b>PERIODO DI CONSERVAZIONE DEI DATI:<\/b>\r\nI dati personali sono trattati con strumenti automatizzati per il tempo strettamente necessario a conseguire gli scopi per cui sono stati raccolti.<\/p>\r\n<p class=\"p1\"><b>DIRITTI DELL\u2019INTERESSATO (GDPR artt. 15-22)<\/b>\r\nIn ogni momento, l\u2019interessato potr\u00e0 esercitare il diritto di:<\/p>\r\n\r\n<ul class=\"ul1\">\r\n \t<li class=\"li3\">chiedere la conferma dell\u2019esistenza o meno di propri dati personali.<\/li>\r\n \t<li class=\"li3\">ottenere le indicazioni circa le finalit\u00e0 del trattamento, le categorie dei dati personali, i destinatari o le categorie di destinatari a cui i dati personali sono stati o saranno comunicati e, quando possibile, il periodo di conservazione.<\/li>\r\n \t<li class=\"li3\">ottenere la rettifica e la cancellazione dei dati.<\/li>\r\n \t<li class=\"li3\">ottenere la limitazione del trattamento.<\/li>\r\n \t<li class=\"li3\">ottenere la portabilit\u00e0 dei dati, ossia riceverli da un titolare del trattamento, in un formato strutturato, di uso comune e leggibile da dispositivo automatico, e trasmetterli ad un altro titolare del trattamento senza impedimenti.<\/li>\r\n \t<li class=\"li3\">opporsi al trattamento in qualsiasi momento ed anche nel caso di trattamento per finalit\u00e0 di marketing diretto.<\/li>\r\n \t<li class=\"li3\">opporsi ad un processo decisionale automatizzato relativo alle persone fisiche, compresa la profilazione.<\/li>\r\n \t<li class=\"li3\">proporre un reclamo all\u2019Autorit\u00e0 Garante per la protezione dei dati Italiana.<\/li>\r\n<\/ul>\r\n<p class=\"p1\">Le richieste vanno rivolte al Titolare del trattamento scrivendo a <a href=\"mailto:info@studiocru.com\" target=\"_blank\" rel=\"noopener noreferrer\">info@studiocru.com<\/a><\/p>\r\n<p class=\"p1\">Ogni sforzo verr\u00e0 fatto per rendere il pi\u00f9 possibile interoperabili le funzionalit\u00e0 di questo sito con i meccanismi di controllo automatico della privacy disponibili in alcuni prodotti utilizzati dagli utenti.<\/p>\r\n<p class=\"p1\">Considerando che lo stato di perfezionamento dei meccanismi automatici di controllo non li rende attualmente esenti da errori e disfunzioni, si precisa che il presente documento, pubblicato all\u2019indirizzo <em><strong><a href=\"https:\/\/montedellevigne.it\/privacy-policy\">https:\/\/montedellevigne.it\/privacy-policy<\/a> <\/strong><\/em>costituisce la \u201cPrivacy Policy\u201d di questo sito che sar\u00e0 soggetta ad aggiornamenti (restano le varie versioni consultabili al medesimo indirizzo).<\/p>\r\n[\/vc_column_text][\/vc_column][\/vc_row]","_et_gb_content_width":"","footnotes":""},"class_list":["post-2033","page","type-page","status-publish","hentry"],"yoast_head":"<!-- This site is optimized with the Yoast SEO plugin v27.3 - https:\/\/yoast.com\/product\/yoast-seo-wordpress\/ -->\n<title>Privacy policy - Monte delle Vigne<\/title>\n<meta name=\"robots\" content=\"index, follow, max-snippet:-1, max-image-preview:large, max-video-preview:-1\" \/>\n<link rel=\"canonical\" href=\"https:\/\/montedellevigne.it\/it\/privacy-policy\/\" \/>\n<meta property=\"og:locale\" content=\"it_IT\" \/>\n<meta property=\"og:type\" content=\"article\" \/>\n<meta property=\"og:title\" content=\"Privacy policy - Monte delle Vigne\" \/>\n<meta property=\"og:description\" content=\"PRIVACY POLICY Informativa sul trattamento dei dati personali(art. 13 GDPR 2016\/679) &nbsp; PERCHE\u2019 QUESTO AVVISO In questa pagina si descrivono le modalit\u00e0 di gestione del sito in riferimento al trattamento dei dati personali degli utenti che lo consultano. Si tratta di un\u2019informativa che \u00e8 resa ai sensi di art. 13 del Regolamento UE 2016\/679 a [&hellip;]\" \/>\n<meta property=\"og:url\" content=\"https:\/\/montedellevigne.it\/it\/privacy-policy\/\" \/>\n<meta property=\"og:site_name\" content=\"Monte delle Vigne\" \/>\n<meta property=\"article:modified_time\" content=\"2021-04-28T10:13:19+00:00\" \/>\n<meta name=\"twitter:card\" content=\"summary_large_image\" \/>\n<meta name=\"twitter:label1\" content=\"Tempo di lettura stimato\" \/>\n\t<meta name=\"twitter:data1\" content=\"6 minuti\" \/>\n<script type=\"application\/ld+json\" class=\"yoast-schema-graph\">{\"@context\":\"https:\\\/\\\/schema.org\",\"@graph\":[{\"@type\":\"WebPage\",\"@id\":\"https:\\\/\\\/montedellevigne.it\\\/it\\\/privacy-policy\\\/\",\"url\":\"https:\\\/\\\/montedellevigne.it\\\/it\\\/privacy-policy\\\/\",\"name\":\"Privacy policy - Monte delle Vigne\",\"isPartOf\":{\"@id\":\"https:\\\/\\\/montedellevigne.it\\\/it\\\/#website\"},\"datePublished\":\"2019-08-19T13:49:20+00:00\",\"dateModified\":\"2021-04-28T10:13:19+00:00\",\"inLanguage\":\"it-IT\",\"potentialAction\":[{\"@type\":\"ReadAction\",\"target\":[\"https:\\\/\\\/montedellevigne.it\\\/it\\\/privacy-policy\\\/\"]}]},{\"@type\":\"WebSite\",\"@id\":\"https:\\\/\\\/montedellevigne.it\\\/it\\\/#website\",\"url\":\"https:\\\/\\\/montedellevigne.it\\\/it\\\/\",\"name\":\"Monte delle Vigne\",\"description\":\"\",\"publisher\":{\"@id\":\"https:\\\/\\\/montedellevigne.it\\\/it\\\/#organization\"},\"potentialAction\":[{\"@type\":\"SearchAction\",\"target\":{\"@type\":\"EntryPoint\",\"urlTemplate\":\"https:\\\/\\\/montedellevigne.it\\\/it\\\/?s={search_term_string}\"},\"query-input\":{\"@type\":\"PropertyValueSpecification\",\"valueRequired\":true,\"valueName\":\"search_term_string\"}}],\"inLanguage\":\"it-IT\"},{\"@type\":\"Organization\",\"@id\":\"https:\\\/\\\/montedellevigne.it\\\/it\\\/#organization\",\"name\":\"Monte delle Vigne\",\"url\":\"https:\\\/\\\/montedellevigne.it\\\/it\\\/\",\"logo\":{\"@type\":\"ImageObject\",\"inLanguage\":\"it-IT\",\"@id\":\"https:\\\/\\\/montedellevigne.it\\\/it\\\/#\\\/schema\\\/logo\\\/image\\\/\",\"url\":\"https:\\\/\\\/montedellevigne.it\\\/wp-content\\\/uploads\\\/2020\\\/05\\\/MdV-logo-trasp-no-foglia.png\",\"contentUrl\":\"https:\\\/\\\/montedellevigne.it\\\/wp-content\\\/uploads\\\/2020\\\/05\\\/MdV-logo-trasp-no-foglia.png\",\"width\":393,\"height\":200,\"caption\":\"Monte delle Vigne\"},\"image\":{\"@id\":\"https:\\\/\\\/montedellevigne.it\\\/it\\\/#\\\/schema\\\/logo\\\/image\\\/\"}}]}<\/script>\n<!-- \/ Yoast SEO plugin. -->","yoast_head_json":{"title":"Privacy policy - Monte delle Vigne","robots":{"index":"index","follow":"follow","max-snippet":"max-snippet:-1","max-image-preview":"max-image-preview:large","max-video-preview":"max-video-preview:-1"},"canonical":"https:\/\/montedellevigne.it\/it\/privacy-policy\/","og_locale":"it_IT","og_type":"article","og_title":"Privacy policy - Monte delle Vigne","og_description":"PRIVACY POLICY Informativa sul trattamento dei dati personali(art. 13 GDPR 2016\/679) &nbsp; PERCHE\u2019 QUESTO AVVISO In questa pagina si descrivono le modalit\u00e0 di gestione del sito in riferimento al trattamento dei dati personali degli utenti che lo consultano. Si tratta di un\u2019informativa che \u00e8 resa ai sensi di art. 13 del Regolamento UE 2016\/679 a [&hellip;]","og_url":"https:\/\/montedellevigne.it\/it\/privacy-policy\/","og_site_name":"Monte delle Vigne","article_modified_time":"2021-04-28T10:13:19+00:00","twitter_card":"summary_large_image","twitter_misc":{"Tempo di lettura stimato":"6 minuti"},"schema":{"@context":"https:\/\/schema.org","@graph":[{"@type":"WebPage","@id":"https:\/\/montedellevigne.it\/it\/privacy-policy\/","url":"https:\/\/montedellevigne.it\/it\/privacy-policy\/","name":"Privacy policy - Monte delle Vigne","isPartOf":{"@id":"https:\/\/montedellevigne.it\/it\/#website"},"datePublished":"2019-08-19T13:49:20+00:00","dateModified":"2021-04-28T10:13:19+00:00","inLanguage":"it-IT","potentialAction":[{"@type":"ReadAction","target":["https:\/\/montedellevigne.it\/it\/privacy-policy\/"]}]},{"@type":"WebSite","@id":"https:\/\/montedellevigne.it\/it\/#website","url":"https:\/\/montedellevigne.it\/it\/","name":"Monte delle Vigne","description":"","publisher":{"@id":"https:\/\/montedellevigne.it\/it\/#organization"},"potentialAction":[{"@type":"SearchAction","target":{"@type":"EntryPoint","urlTemplate":"https:\/\/montedellevigne.it\/it\/?s={search_term_string}"},"query-input":{"@type":"PropertyValueSpecification","valueRequired":true,"valueName":"search_term_string"}}],"inLanguage":"it-IT"},{"@type":"Organization","@id":"https:\/\/montedellevigne.it\/it\/#organization","name":"Monte delle Vigne","url":"https:\/\/montedellevigne.it\/it\/","logo":{"@type":"ImageObject","inLanguage":"it-IT","@id":"https:\/\/montedellevigne.it\/it\/#\/schema\/logo\/image\/","url":"https:\/\/montedellevigne.it\/wp-content\/uploads\/2020\/05\/MdV-logo-trasp-no-foglia.png","contentUrl":"https:\/\/montedellevigne.it\/wp-content\/uploads\/2020\/05\/MdV-logo-trasp-no-foglia.png","width":393,"height":200,"caption":"Monte delle Vigne"},"image":{"@id":"https:\/\/montedellevigne.it\/it\/#\/schema\/logo\/image\/"}}]}},"_links":{"self":[{"href":"https:\/\/montedellevigne.it\/it\/wp-json\/wp\/v2\/pages\/2033","targetHints":{"allow":["GET"]}}],"collection":[{"href":"https:\/\/montedellevigne.it\/it\/wp-json\/wp\/v2\/pages"}],"about":[{"href":"https:\/\/montedellevigne.it\/it\/wp-json\/wp\/v2\/types\/page"}],"author":[{"embeddable":true,"href":"https:\/\/montedellevigne.it\/it\/wp-json\/wp\/v2\/users\/6"}],"replies":[{"embeddable":true,"href":"https:\/\/montedellevigne.it\/it\/wp-json\/wp\/v2\/comments?post=2033"}],"version-history":[{"count":0,"href":"https:\/\/montedellevigne.it\/it\/wp-json\/wp\/v2\/pages\/2033\/revisions"}],"wp:attachment":[{"href":"https:\/\/montedellevigne.it\/it\/wp-json\/wp\/v2\/media?parent=2033"}],"curies":[{"name":"wp","href":"https:\/\/api.w.org\/{rel}","templated":true}]}}