{"id":223946,"date":"2021-04-27T09:45:27","date_gmt":"2021-04-27T07:45:27","guid":{"rendered":"https:\/\/montedellevigne.it\/?page_id=223946"},"modified":"2023-01-20T12:02:55","modified_gmt":"2023-01-20T11:02:55","slug":"pensiero","status":"publish","type":"page","link":"https:\/\/montedellevigne.it\/it\/pensiero\/","title":{"rendered":"Pensiero"},"content":{"rendered":"<p>[et_pb_section fb_built=&#8221;1&#8243; admin_label=&#8221;Banner&#8221; _builder_version=&#8221;4.19.4&#8243; _module_preset=&#8221;default&#8221; background_image=&#8221;https:\/\/montedellevigne.it\/wp-content\/uploads\/2021\/05\/cantina_vasche.jpg&#8221; height=&#8221;600px&#8221; height_tablet=&#8221;100%&#8221; height_phone=&#8221;100%&#8221; height_last_edited=&#8221;on|phone&#8221; custom_padding=&#8221;0px||0px|||&#8221; locked=&#8221;off&#8221; global_colors_info=&#8221;{}&#8221;][et_pb_row make_equal=&#8221;on&#8221; custom_padding_last_edited=&#8221;on|phone&#8221; _builder_version=&#8221;4.16&#8243; use_background_color_gradient=&#8221;on&#8221; background_color_gradient_stops=&#8221;#1d1d1b 0%|rgba(0,0,0,0) 100%&#8221; background_color_gradient_start=&#8221;#1d1d1b&#8221; background_color_gradient_end=&#8221;rgba(0,0,0,0)&#8221; width=&#8221;100%&#8221; max_width=&#8221;100%&#8221; height=&#8221;100%&#8221; custom_padding_tablet=&#8221;60px||60px||true|false&#8221; custom_padding_phone=&#8221;50px||50px||true|false&#8221; custom_css_main_element=&#8221;margin: auto;&#8221; locked=&#8221;off&#8221; global_colors_info=&#8221;{}&#8221;][et_pb_column type=&#8221;4_4&#8243; _builder_version=&#8221;4.16&#8243; custom_css_main_element=&#8221;margin: auto;&#8221; global_colors_info=&#8221;{}&#8221;][et_pb_text admin_label=&#8221;Titolo Banner&#8221; _builder_version=&#8221;4.19.4&#8243; _module_preset=&#8221;default&#8221; header_text_color=&#8221;#FFFFFF&#8221; header_3_text_color=&#8221;#C09E56&#8243; header_3_line_height=&#8221;1.7em&#8221; text_orientation=&#8221;center&#8221; width_tablet=&#8221;80%&#8221; width_phone=&#8221;&#8221; width_last_edited=&#8221;on|phone&#8221; module_alignment=&#8221;center&#8221; min_height=&#8221;100%&#8221; height=&#8221;100%&#8221; max_height=&#8221;100%&#8221; custom_margin=&#8221;|-10px|10px|-10px|false|false&#8221; animation_style=&#8221;fade&#8221; custom_css_main_element=&#8221;MARGIN: AUTO;&#8221; locked=&#8221;off&#8221; global_colors_info=&#8221;{}&#8221;]<\/p>\n<h3>chi siamo<\/h3>\n<h1>audaci viticoltori parmensi contemporanei<\/h1>\n<p>[\/et_pb_text][\/et_pb_column][\/et_pb_row][\/et_pb_section][et_pb_section fb_built=&#8221;1&#8243; custom_padding_last_edited=&#8221;on|tablet&#8221; module_id=&#8221;filosofia&#8221; _builder_version=&#8221;4.16&#8243; _module_preset=&#8221;default&#8221; background_color=&#8221;#FFFFFF&#8221; custom_margin=&#8221;||||false|false&#8221; custom_padding=&#8221;22px||22px||true|&#8221; custom_padding_tablet=&#8221;0px||0px||true|false&#8221; custom_padding_phone=&#8221;0px||0px||true|false&#8221; global_colors_info=&#8221;{}&#8221;][et_pb_row column_structure=&#8221;2_5,3_5&#8243; custom_padding_last_edited=&#8221;on|phone&#8221; disabled_on=&#8221;off|off|on&#8221; admin_label=&#8221;Riga responsive&#8221; _builder_version=&#8221;4.19.4&#8243; _module_preset=&#8221;default&#8221; module_alignment=&#8221;center&#8221; custom_margin=&#8221;||||false|false&#8221; custom_margin_tablet=&#8221;||||false|false&#8221; custom_margin_phone=&#8221;&#8221; custom_margin_last_edited=&#8221;on|tablet&#8221; custom_padding=&#8221;50px||0px||false|false&#8221; custom_padding_tablet=&#8221;&#8221; custom_padding_phone=&#8221;&#8221; global_colors_info=&#8221;{}&#8221;][et_pb_column type=&#8221;2_5&#8243; _builder_version=&#8221;4.16&#8243; _module_preset=&#8221;default&#8221; global_colors_info=&#8221;{}&#8221;][et_pb_text _builder_version=&#8221;4.16&#8243; _module_preset=&#8221;default&#8221; text_line_height=&#8221;2em&#8221; header_3_text_color=&#8221;#1D1D1B&#8221; header_3_line_height=&#8221;1.4em&#8221; text_orientation=&#8221;justified&#8221; width=&#8221;100%&#8221; custom_margin=&#8221;||0px||false|false&#8221; custom_padding=&#8221;||0px||false|false&#8221; locked=&#8221;off&#8221; global_colors_info=&#8221;{}&#8221;]<\/p>\n<h3 style=\"text-align: left;\">ci sentiamo custodi e portavoce di un patrimonio fatto di bellezze naturali, tradizioni e cultura enologica<\/h3>\n<p>&nbsp;<\/p>\n<p style=\"text-align: justify;\">Con le scelte che facciamo in vigna e in cantina, vogliamo custodire la nostra terra e preservare la sua identit\u00e0 unica. Ed \u00e8 per questo che i nostri vigneti sono <strong>certificati biologici<\/strong>: un traguardo che \u00e8 il riconoscimento del nostro percorso sostenibile a tutela delle uve e della natura.<\/p>\n<p>I nostri vini prodotti nel rispetto dell\u2019ambiente sono l\u2019emozionante racconto del territorio, l\u2019autentica espressione del terroir di Monte delle Vigne. Per questo in vigna scegliamo <strong>tecniche naturali e poco invasive<\/strong>, utilizziamo un\u2019agricoltura di precisione, dosiamo con attenzione le risorse idriche disponibili, pratichiamo concimazione organica naturale e sovescio. \u00c8 questa secondo noi l\u2019unica scelta possibile per costruire un futuro \u2018a impatto zero\u2019, per contribuire al benessere nostro e dei nostri figli, e per continuare a raccontare storie di grandi terroir e di vini di altissima qualit\u00e0.<\/p>\n<p>[\/et_pb_text][et_pb_button button_url=&#8221;@ET-DC@eyJkeW5hbWljIjp0cnVlLCJjb250ZW50IjoicG9zdF9saW5rX3VybF9wYWdlIiwic2V0dGluZ3MiOnsicG9zdF9pZCI6IjIyNDAwMyJ9fQ==@&#8221; button_text=&#8221;il territorio&#8221; button_alignment=&#8221;left&#8221; _builder_version=&#8221;4.16&#8243; _dynamic_attributes=&#8221;button_url&#8221; _module_preset=&#8221;default&#8221; custom_margin=&#8221;30px||||false|false&#8221; custom_padding=&#8221;20px|50px|20px|50px|true|true&#8221; locked=&#8221;off&#8221; global_colors_info=&#8221;{}&#8221; button_text_color__hover=&#8221;#e8e2d7&#8243; button_text_color__hover_enabled=&#8221;on|desktop&#8221; button_bg_color__hover=&#8221;#280400&#8243; button_bg_color__hover_enabled=&#8221;on|hover&#8221;][\/et_pb_button][\/et_pb_column][et_pb_column type=&#8221;3_5&#8243; _builder_version=&#8221;4.16&#8243; _module_preset=&#8221;default&#8221; custom_css_main_element=&#8221;margin: auto;&#8221; global_colors_info=&#8221;{}&#8221;][\/et_pb_column][\/et_pb_row][et_pb_row column_structure=&#8221;1_3,1_3,1_3&#8243; disabled_on=&#8221;on|on|off&#8221; admin_label=&#8221;Riga desktop&#8221; _builder_version=&#8221;4.19.4&#8243; _module_preset=&#8221;default&#8221; custom_margin=&#8221;50px||||false|false&#8221; custom_padding=&#8221;||50px||false|false&#8221; locked=&#8221;off&#8221; global_colors_info=&#8221;{}&#8221;][et_pb_column type=&#8221;1_3&#8243; _builder_version=&#8221;4.16&#8243; _module_preset=&#8221;default&#8221; global_colors_info=&#8221;{}&#8221;][et_pb_text _builder_version=&#8221;4.16&#8243; _module_preset=&#8221;default&#8221; header_line_height=&#8221;1.4em&#8221; header_2_text_color=&#8221;#1D1D1B&#8221; header_2_line_height=&#8221;1.2em&#8221; header_3_text_align=&#8221;left&#8221; header_3_text_color=&#8221;#1D1D1B&#8221; header_3_line_height=&#8221;1.4em&#8221; custom_margin=&#8221;||||false|false&#8221; locked=&#8221;off&#8221; global_colors_info=&#8221;{}&#8221;]<\/p>\n<h3>ci sentiamo custodi e portavoce di un patrimonio fatto di bellezze naturali, tradizioni e cultura enologica<\/h3>\n<p>[\/et_pb_text][et_pb_divider color=&#8221;#FFFFFF&#8221; divider_weight=&#8221;3px&#8221; _builder_version=&#8221;4.16&#8243; _module_preset=&#8221;default&#8221; width=&#8221;10%&#8221; module_alignment=&#8221;center&#8221; custom_margin=&#8221;0px||0px||false|false&#8221; animation_style=&#8221;slide&#8221; animation_direction=&#8221;right&#8221; global_colors_info=&#8221;{}&#8221;][\/et_pb_divider][\/et_pb_column][et_pb_column type=&#8221;1_3&#8243; _builder_version=&#8221;4.16&#8243; _module_preset=&#8221;default&#8221; custom_css_main_element=&#8221;margin: auto;&#8221; global_colors_info=&#8221;{}&#8221;][et_pb_text _builder_version=&#8221;4.16&#8243; text_line_height=&#8221;2em&#8221; header_3_text_color=&#8221;#1D1D1B&#8221; header_3_line_height=&#8221;1.4em&#8221; text_orientation=&#8221;justified&#8221; width=&#8221;100%&#8221; locked=&#8221;off&#8221; global_colors_info=&#8221;{}&#8221;]<\/p>\n<p>Con le scelte che facciamo in vigna e in cantina, vogliamo custodire la nostra terra e preservare la sua identit\u00e0 unica. Ed \u00e8 per questo che i nostri vigneti sono <strong>certificati biologici<\/strong>: un traguardo che \u00e8 il riconoscimento del nostro percorso sostenibile a tutela delle uve e della natura. I nostri vini prodotti nel rispetto dell\u2019ambiente sono l\u2019emozionante racconto del territorio, l\u2019autentica espressione del terroir di Monte delle Vigne. <\/p>\n<p>[\/et_pb_text][\/et_pb_column][et_pb_column type=&#8221;1_3&#8243; _builder_version=&#8221;4.16&#8243; _module_preset=&#8221;default&#8221; custom_css_main_element=&#8221;margin: auto;&#8221; global_colors_info=&#8221;{}&#8221;][et_pb_text _builder_version=&#8221;4.16&#8243; text_line_height=&#8221;2em&#8221; header_3_text_color=&#8221;#1D1D1B&#8221; header_3_line_height=&#8221;1.4em&#8221; text_orientation=&#8221;justified&#8221; width=&#8221;100%&#8221; locked=&#8221;off&#8221; global_colors_info=&#8221;{}&#8221;]<\/p>\n<p>Per questo in vigna scegliamo <strong>tecniche naturali e poco invasive<\/strong>, utilizziamo un\u2019agricoltura di precisione, dosiamo con attenzione le risorse idriche disponibili, pratichiamo concimazione organica naturale e sovescio. \u00c8 questa secondo noi l\u2019unica scelta possibile per costruire un futuro \u2018a impatto zero\u2019, per contribuire al benessere nostro e dei nostri figli, e per continuare a raccontare storie di grandi terroir e di vini di altissima qualit\u00e0.<\/p>\n<p>[\/et_pb_text][et_pb_button button_url=&#8221;@ET-DC@eyJkeW5hbWljIjp0cnVlLCJjb250ZW50IjoicG9zdF9saW5rX3VybF9wYWdlIiwic2V0dGluZ3MiOnsicG9zdF9pZCI6IjIyNDAwMyJ9fQ==@&#8221; button_text=&#8221;il territorio&#8221; button_alignment=&#8221;left&#8221; _builder_version=&#8221;4.16&#8243; _dynamic_attributes=&#8221;button_url&#8221; _module_preset=&#8221;default&#8221; custom_padding=&#8221;20px|50px|20px|50px|true|true&#8221; locked=&#8221;off&#8221; global_colors_info=&#8221;{}&#8221; button_text_color__hover=&#8221;#e8e2d7&#8243; button_text_color__hover_enabled=&#8221;on|desktop&#8221; button_bg_color__hover=&#8221;#280400&#8243; button_bg_color__hover_enabled=&#8221;on|hover&#8221;][\/et_pb_button][\/et_pb_column][\/et_pb_row][et_pb_row disabled_on=&#8221;on|on|off&#8221; _builder_version=&#8221;4.16&#8243; _module_preset=&#8221;default&#8221; custom_padding=&#8221;0px|||||&#8221; global_colors_info=&#8221;{}&#8221;][et_pb_column type=&#8221;4_4&#8243; _builder_version=&#8221;4.16&#8243; _module_preset=&#8221;default&#8221; global_colors_info=&#8221;{}&#8221;][et_pb_gallery gallery_ids=&#8221;223974,223975,225227,225226&#8243; fullwidth=&#8221;on&#8221; module_class=&#8221;lwp-arrow-color&#8221; _builder_version=&#8221;4.19.4&#8243; _module_preset=&#8221;default&#8221; auto=&#8221;on&#8221; auto_speed=&#8221;4000&#8243; global_colors_info=&#8221;{}&#8221;][\/et_pb_gallery][\/et_pb_column][\/et_pb_row][et_pb_row disabled_on=&#8221;off|off|on&#8221; _builder_version=&#8221;4.19.4&#8243; _module_preset=&#8221;default&#8221; width=&#8221;66%&#8221; width_tablet=&#8221;100%&#8221; width_phone=&#8221;100%&#8221; width_last_edited=&#8221;on|desktop&#8221; max_width=&#8221;100%&#8221; custom_margin=&#8221;30px||||false|false&#8221; custom_margin_tablet=&#8221;||||false|false&#8221; custom_margin_phone=&#8221;&#8221; custom_margin_last_edited=&#8221;on|desktop&#8221; custom_padding=&#8221;0px|||||&#8221; locked=&#8221;off&#8221; global_colors_info=&#8221;{}&#8221;][et_pb_column type=&#8221;4_4&#8243; _builder_version=&#8221;4.16&#8243; _module_preset=&#8221;default&#8221; global_colors_info=&#8221;{}&#8221;][et_pb_gallery gallery_ids=&#8221;223974,223975,225227,225226&#8243; fullwidth=&#8221;on&#8221; module_class=&#8221;lwp-arrow-color&#8221; _builder_version=&#8221;4.19.4&#8243; _module_preset=&#8221;default&#8221; auto=&#8221;on&#8221; auto_speed=&#8221;4000&#8243; locked=&#8221;off&#8221; global_colors_info=&#8221;{}&#8221;][\/et_pb_gallery][\/et_pb_column][\/et_pb_row][\/et_pb_section][et_pb_section fb_built=&#8221;1&#8243; custom_padding_last_edited=&#8221;on|tablet&#8221; module_id=&#8221;filosofia&#8221; _builder_version=&#8221;4.16&#8243; _module_preset=&#8221;default&#8221; background_color=&#8221;#FFFFFF&#8221; custom_margin=&#8221;||||false|false&#8221; custom_padding=&#8221;50px||50px||true|false&#8221; custom_padding_tablet=&#8221;0px||0px||true|false&#8221; custom_padding_phone=&#8221;0px||0px||true|false&#8221; global_colors_info=&#8221;{}&#8221;][et_pb_row column_structure=&#8221;1_3,1_3,1_3&#8243; disabled_on=&#8221;off|off|off&#8221; _builder_version=&#8221;4.16&#8243; _module_preset=&#8221;default&#8221; custom_padding=&#8221;0px||50px||false|false&#8221; locked=&#8221;off&#8221; global_colors_info=&#8221;{}&#8221;][et_pb_column type=&#8221;1_3&#8243; _builder_version=&#8221;4.16&#8243; _module_preset=&#8221;default&#8221; global_colors_info=&#8221;{}&#8221;][et_pb_text _builder_version=&#8221;4.16&#8243; _module_preset=&#8221;default&#8221; header_line_height=&#8221;1.4em&#8221; header_2_text_color=&#8221;#1D1D1B&#8221; header_2_line_height=&#8221;1.2em&#8221; header_3_text_align=&#8221;left&#8221; header_3_text_color=&#8221;#1D1D1B&#8221; header_3_line_height=&#8221;1.4em&#8221; custom_margin=&#8221;||0px||false|false&#8221; custom_padding=&#8221;||0px||false|false&#8221; locked=&#8221;off&#8221; global_colors_info=&#8221;{}&#8221;]<\/p>\n<h3 style=\"text-align: left;\">Viticoltura ed enologia si incontrano nel cuore della propriet\u00e0, l\u2019innovativa<strong> cantina ipogea<\/strong><\/h3>\n<p>[\/et_pb_text][et_pb_divider color=&#8221;#FFFFFF&#8221; divider_weight=&#8221;3px&#8221; _builder_version=&#8221;4.16&#8243; _module_preset=&#8221;default&#8221; width=&#8221;10%&#8221; module_alignment=&#8221;center&#8221; custom_margin=&#8221;0px||0px||false|false&#8221; animation_style=&#8221;slide&#8221; animation_direction=&#8221;right&#8221; global_colors_info=&#8221;{}&#8221;][\/et_pb_divider][\/et_pb_column][et_pb_column type=&#8221;1_3&#8243; _builder_version=&#8221;4.16&#8243; _module_preset=&#8221;default&#8221; custom_css_main_element=&#8221;margin: auto;&#8221; global_colors_info=&#8221;{}&#8221;][et_pb_text _builder_version=&#8221;4.16&#8243; text_line_height=&#8221;2em&#8221; header_3_text_color=&#8221;#1D1D1B&#8221; header_3_line_height=&#8221;1.4em&#8221; text_orientation=&#8221;justified&#8221; width=&#8221;100%&#8221; locked=&#8221;off&#8221; global_colors_info=&#8221;{}&#8221;]<\/p>\n<p>L\u2019abbiamo progettata, in perfetto equilibrio tra funzionalit\u00e0 ed estetica, tra innovazione e modernit\u00e0, come il luogo ideale dove avviene la trasformazione dell\u2019uva in modo <strong>naturale<\/strong> e <strong>rispettoso<\/strong> della sua unicit\u00e0, a temperatura costante e dotata di impianto fotovoltaico solare termico e di recupero delle acque piovane. Le piccole vasche in acciaio inox e le barriques in rovere francese accompagnano prima i mosti e poi i vini attraverso un lento processo evolutivo che li render\u00e0 emozionanti testimoni di ci\u00f2 che siamo.<\/p>\n<p>[\/et_pb_text][\/et_pb_column][et_pb_column type=&#8221;1_3&#8243; _builder_version=&#8221;4.16&#8243; _module_preset=&#8221;default&#8221; custom_css_main_element=&#8221;margin: auto;&#8221; global_colors_info=&#8221;{}&#8221;][et_pb_text _builder_version=&#8221;4.16&#8243; text_line_height=&#8221;2em&#8221; header_3_text_color=&#8221;#1D1D1B&#8221; header_3_line_height=&#8221;1.4em&#8221; text_orientation=&#8221;justified&#8221; width=&#8221;100%&#8221; custom_margin_tablet=&#8221;20px||||false|false&#8221; custom_margin_phone=&#8221;&#8221; custom_margin_last_edited=&#8221;on|phone&#8221; locked=&#8221;off&#8221; global_colors_info=&#8221;{}&#8221;]<\/p>\n<p>L\u2019impianto di imbottigliamento completamente automatico \u00e8 un momento fondamentale della lavorazione: \u00e8 il punto d\u2019arrivo di un appassionante percorso che non smetter\u00e0 mai di stupirci. In cantina ogni azione acquista un significato profondo e la qualit\u00e0 esecutiva di ogni gesto \u00e8 fondamentale per raggiungere il risultato finale: un piccolo ed eccellente scrigno di <strong>qualit\u00e0<\/strong>. Qui ad un occhio attento si svela tutta l\u2019emozione del nostro essere produttori amanti del territorio dei Colli di Parma.<\/p>\n<p>[\/et_pb_text][et_pb_button button_url=&#8221;@ET-DC@eyJkeW5hbWljIjp0cnVlLCJjb250ZW50IjoicG9zdF9saW5rX3VybF9wYWdlIiwic2V0dGluZ3MiOnsicG9zdF9pZCI6IjIyNDAwMyJ9fQ==@&#8221; button_text=&#8221;il territorio&#8221; button_alignment=&#8221;left&#8221; _builder_version=&#8221;4.16&#8243; _dynamic_attributes=&#8221;button_url&#8221; _module_preset=&#8221;default&#8221; custom_padding=&#8221;20px|50px|20px|50px|true|true&#8221; locked=&#8221;off&#8221; global_colors_info=&#8221;{}&#8221; button_text_color__hover=&#8221;#e8e2d7&#8243; button_text_color__hover_enabled=&#8221;on|desktop&#8221; button_bg_color__hover=&#8221;#280400&#8243; button_bg_color__hover_enabled=&#8221;on|hover&#8221;][\/et_pb_button][\/et_pb_column][\/et_pb_row][et_pb_row disabled_on=&#8221;on|on|off&#8221; _builder_version=&#8221;4.16&#8243; _module_preset=&#8221;default&#8221; custom_padding=&#8221;0px|||||&#8221; global_colors_info=&#8221;{}&#8221;][et_pb_column type=&#8221;4_4&#8243; _builder_version=&#8221;4.16&#8243; _module_preset=&#8221;default&#8221; global_colors_info=&#8221;{}&#8221;][et_pb_image src=&#8221;https:\/\/montedellevigne.it\/wp-content\/uploads\/2021\/05\/cantina_barricaia.jpg&#8221; title_text=&#8221;cantina_barricaia&#8221; _builder_version=&#8221;4.16&#8243; _module_preset=&#8221;default&#8221; global_colors_info=&#8221;{}&#8221;][\/et_pb_image][\/et_pb_column][\/et_pb_row][et_pb_row disabled_on=&#8221;off|off|on&#8221; _builder_version=&#8221;4.16&#8243; _module_preset=&#8221;default&#8221; width=&#8221;66%&#8221; width_tablet=&#8221;100%&#8221; width_phone=&#8221;100%&#8221; width_last_edited=&#8221;on|desktop&#8221; max_width=&#8221;100%&#8221; custom_margin=&#8221;30px||||false|false&#8221; custom_margin_tablet=&#8221;||||false|false&#8221; custom_margin_phone=&#8221;&#8221; custom_margin_last_edited=&#8221;on|desktop&#8221; custom_padding=&#8221;0px||0px|||&#8221; locked=&#8221;off&#8221; global_colors_info=&#8221;{}&#8221;][et_pb_column type=&#8221;4_4&#8243; _builder_version=&#8221;4.16&#8243; _module_preset=&#8221;default&#8221; global_colors_info=&#8221;{}&#8221;][et_pb_image src=&#8221;https:\/\/montedellevigne.it\/wp-content\/uploads\/2021\/05\/cantina_barricaia-1.jpg&#8221; title_text=&#8221;cantina_barricaia&#8221; _builder_version=&#8221;4.16&#8243; _module_preset=&#8221;default&#8221; global_colors_info=&#8221;{}&#8221;][\/et_pb_image][\/et_pb_column][\/et_pb_row][\/et_pb_section]<\/p>\n","protected":false},"excerpt":{"rendered":"<p>chi siamo audaci viticoltori parmensi contemporaneici sentiamo custodi e portavoce di un patrimonio fatto di bellezze naturali, tradizioni e cultura enologica &nbsp; Con le scelte che facciamo in vigna e in cantina, vogliamo custodire la nostra terra e preservare la sua identit\u00e0 unica. Ed \u00e8 per questo che i nostri vigneti sono certificati biologici: un [&hellip;]<\/p>\n","protected":false},"author":6,"featured_media":0,"parent":0,"menu_order":0,"comment_status":"closed","ping_status":"closed","template":"","meta":{"_et_pb_use_builder":"on","_et_pb_old_content":"","_et_gb_content_width":"","footnotes":""},"class_list":["post-223946","page","type-page","status-publish","hentry"],"yoast_head":"<!-- This site is optimized with the Yoast SEO plugin v27.3 - https:\/\/yoast.com\/product\/yoast-seo-wordpress\/ -->\n<title>Pensiero - Monte delle Vigne<\/title>\n<meta name=\"description\" content=\"Con le scelte che facciamo in vigna e in cantina, vogliamo custodire la nostra terra e preservare la sua identit\u00e0 unica.\" \/>\n<meta name=\"robots\" content=\"index, follow, max-snippet:-1, max-image-preview:large, max-video-preview:-1\" \/>\n<link rel=\"canonical\" href=\"https:\/\/montedellevigne.it\/it\/pensiero\/\" \/>\n<meta property=\"og:locale\" content=\"it_IT\" \/>\n<meta property=\"og:type\" content=\"article\" \/>\n<meta property=\"og:title\" content=\"Cantina - Monte delle Vigne\" \/>\n<meta property=\"og:description\" content=\"Con le scelte che facciamo in vigna e in cantina, vogliamo custodire la nostra terra e preservare la sua identit\u00e0 unica.\" \/>\n<meta property=\"og:url\" content=\"https:\/\/montedellevigne.it\/it\/pensiero\/\" \/>\n<meta property=\"og:site_name\" content=\"Monte delle Vigne\" \/>\n<meta property=\"article:modified_time\" content=\"2023-01-20T11:02:55+00:00\" \/>\n<meta name=\"twitter:card\" content=\"summary_large_image\" \/>\n<meta name=\"twitter:label1\" content=\"Tempo di lettura stimato\" \/>\n\t<meta name=\"twitter:data1\" content=\"5 minuti\" \/>\n<script type=\"application\/ld+json\" class=\"yoast-schema-graph\">{\"@context\":\"https:\\\/\\\/schema.org\",\"@graph\":[{\"@type\":\"WebPage\",\"@id\":\"https:\\\/\\\/montedellevigne.it\\\/it\\\/pensiero\\\/\",\"url\":\"https:\\\/\\\/montedellevigne.it\\\/it\\\/pensiero\\\/\",\"name\":\"Pensiero - Monte delle Vigne\",\"isPartOf\":{\"@id\":\"https:\\\/\\\/montedellevigne.it\\\/it\\\/#website\"},\"datePublished\":\"2021-04-27T07:45:27+00:00\",\"dateModified\":\"2023-01-20T11:02:55+00:00\",\"description\":\"Con le scelte che facciamo in vigna e in cantina, vogliamo custodire la nostra terra e preservare la sua identit\u00e0 unica.\",\"inLanguage\":\"it-IT\",\"potentialAction\":[{\"@type\":\"ReadAction\",\"target\":[\"https:\\\/\\\/montedellevigne.it\\\/it\\\/pensiero\\\/\"]}]},{\"@type\":\"WebSite\",\"@id\":\"https:\\\/\\\/montedellevigne.it\\\/it\\\/#website\",\"url\":\"https:\\\/\\\/montedellevigne.it\\\/it\\\/\",\"name\":\"Monte delle Vigne\",\"description\":\"\",\"publisher\":{\"@id\":\"https:\\\/\\\/montedellevigne.it\\\/it\\\/#organization\"},\"potentialAction\":[{\"@type\":\"SearchAction\",\"target\":{\"@type\":\"EntryPoint\",\"urlTemplate\":\"https:\\\/\\\/montedellevigne.it\\\/it\\\/?s={search_term_string}\"},\"query-input\":{\"@type\":\"PropertyValueSpecification\",\"valueRequired\":true,\"valueName\":\"search_term_string\"}}],\"inLanguage\":\"it-IT\"},{\"@type\":\"Organization\",\"@id\":\"https:\\\/\\\/montedellevigne.it\\\/it\\\/#organization\",\"name\":\"Monte delle Vigne\",\"url\":\"https:\\\/\\\/montedellevigne.it\\\/it\\\/\",\"logo\":{\"@type\":\"ImageObject\",\"inLanguage\":\"it-IT\",\"@id\":\"https:\\\/\\\/montedellevigne.it\\\/it\\\/#\\\/schema\\\/logo\\\/image\\\/\",\"url\":\"https:\\\/\\\/montedellevigne.it\\\/wp-content\\\/uploads\\\/2020\\\/05\\\/MdV-logo-trasp-no-foglia.png\",\"contentUrl\":\"https:\\\/\\\/montedellevigne.it\\\/wp-content\\\/uploads\\\/2020\\\/05\\\/MdV-logo-trasp-no-foglia.png\",\"width\":393,\"height\":200,\"caption\":\"Monte delle Vigne\"},\"image\":{\"@id\":\"https:\\\/\\\/montedellevigne.it\\\/it\\\/#\\\/schema\\\/logo\\\/image\\\/\"}}]}<\/script>\n<!-- \/ Yoast SEO plugin. -->","yoast_head_json":{"title":"Pensiero - Monte delle Vigne","description":"Con le scelte che facciamo in vigna e in cantina, vogliamo custodire la nostra terra e preservare la sua identit\u00e0 unica.","robots":{"index":"index","follow":"follow","max-snippet":"max-snippet:-1","max-image-preview":"max-image-preview:large","max-video-preview":"max-video-preview:-1"},"canonical":"https:\/\/montedellevigne.it\/it\/pensiero\/","og_locale":"it_IT","og_type":"article","og_title":"Cantina - Monte delle Vigne","og_description":"Con le scelte che facciamo in vigna e in cantina, vogliamo custodire la nostra terra e preservare la sua identit\u00e0 unica.","og_url":"https:\/\/montedellevigne.it\/it\/pensiero\/","og_site_name":"Monte delle Vigne","article_modified_time":"2023-01-20T11:02:55+00:00","twitter_card":"summary_large_image","twitter_misc":{"Tempo di lettura stimato":"5 minuti"},"schema":{"@context":"https:\/\/schema.org","@graph":[{"@type":"WebPage","@id":"https:\/\/montedellevigne.it\/it\/pensiero\/","url":"https:\/\/montedellevigne.it\/it\/pensiero\/","name":"Pensiero - Monte delle Vigne","isPartOf":{"@id":"https:\/\/montedellevigne.it\/it\/#website"},"datePublished":"2021-04-27T07:45:27+00:00","dateModified":"2023-01-20T11:02:55+00:00","description":"Con le scelte che facciamo in vigna e in cantina, vogliamo custodire la nostra terra e preservare la sua identit\u00e0 unica.","inLanguage":"it-IT","potentialAction":[{"@type":"ReadAction","target":["https:\/\/montedellevigne.it\/it\/pensiero\/"]}]},{"@type":"WebSite","@id":"https:\/\/montedellevigne.it\/it\/#website","url":"https:\/\/montedellevigne.it\/it\/","name":"Monte delle Vigne","description":"","publisher":{"@id":"https:\/\/montedellevigne.it\/it\/#organization"},"potentialAction":[{"@type":"SearchAction","target":{"@type":"EntryPoint","urlTemplate":"https:\/\/montedellevigne.it\/it\/?s={search_term_string}"},"query-input":{"@type":"PropertyValueSpecification","valueRequired":true,"valueName":"search_term_string"}}],"inLanguage":"it-IT"},{"@type":"Organization","@id":"https:\/\/montedellevigne.it\/it\/#organization","name":"Monte delle Vigne","url":"https:\/\/montedellevigne.it\/it\/","logo":{"@type":"ImageObject","inLanguage":"it-IT","@id":"https:\/\/montedellevigne.it\/it\/#\/schema\/logo\/image\/","url":"https:\/\/montedellevigne.it\/wp-content\/uploads\/2020\/05\/MdV-logo-trasp-no-foglia.png","contentUrl":"https:\/\/montedellevigne.it\/wp-content\/uploads\/2020\/05\/MdV-logo-trasp-no-foglia.png","width":393,"height":200,"caption":"Monte delle Vigne"},"image":{"@id":"https:\/\/montedellevigne.it\/it\/#\/schema\/logo\/image\/"}}]}},"_links":{"self":[{"href":"https:\/\/montedellevigne.it\/it\/wp-json\/wp\/v2\/pages\/223946","targetHints":{"allow":["GET"]}}],"collection":[{"href":"https:\/\/montedellevigne.it\/it\/wp-json\/wp\/v2\/pages"}],"about":[{"href":"https:\/\/montedellevigne.it\/it\/wp-json\/wp\/v2\/types\/page"}],"author":[{"embeddable":true,"href":"https:\/\/montedellevigne.it\/it\/wp-json\/wp\/v2\/users\/6"}],"replies":[{"embeddable":true,"href":"https:\/\/montedellevigne.it\/it\/wp-json\/wp\/v2\/comments?post=223946"}],"version-history":[{"count":0,"href":"https:\/\/montedellevigne.it\/it\/wp-json\/wp\/v2\/pages\/223946\/revisions"}],"wp:attachment":[{"href":"https:\/\/montedellevigne.it\/it\/wp-json\/wp\/v2\/media?parent=223946"}],"curies":[{"name":"wp","href":"https:\/\/api.w.org\/{rel}","templated":true}]}}