{"id":4120,"date":"2020-05-07T12:09:07","date_gmt":"2020-05-07T10:09:07","guid":{"rendered":"https:\/\/montedellevigne.it\/?page_id=4120"},"modified":"2021-04-28T12:04:24","modified_gmt":"2021-04-28T10:04:24","slug":"diritto-di-recesso","status":"publish","type":"page","link":"https:\/\/montedellevigne.it\/it\/diritto-di-recesso\/","title":{"rendered":"Diritto di Recesso"},"content":{"rendered":"<p>[et_pb_section fb_built=&#8221;1&#8243; _builder_version=&#8221;3.22&#8243;][et_pb_row _builder_version=&#8221;3.25&#8243; background_size=&#8221;initial&#8221; background_position=&#8221;top_left&#8221; background_repeat=&#8221;repeat&#8221;][et_pb_column type=&#8221;4_4&#8243; _builder_version=&#8221;3.25&#8243; custom_padding=&#8221;|||&#8221; custom_padding__hover=&#8221;|||&#8221;][et_pb_text _builder_version=&#8221;4.9.4&#8243; background_size=&#8221;initial&#8221; background_position=&#8221;top_left&#8221; background_repeat=&#8221;repeat&#8221; hover_enabled=&#8221;0&#8243; sticky_enabled=&#8221;0&#8243; text_orientation=&#8221;justified&#8221; header_text_align=&#8221;center&#8221;]<\/p>\n<h1>Diritto di Recesso<\/h1>\n<p>&nbsp;<br \/>\nGli acquisti fatti accedendo sul sito web montedellevigne.it sono regolamentati anche dalla normativa del Codice del Consumo ( D. Lgs, n. 206\/2005), e specificatamente da quanto previsto al capo I del Titolo III della Parte III della citata normativa, tali acquisti pertanto sono protetti anche dal Diritto di Recesso come indicato nei Termini e Condizioni generali di vendita.<\/p>\n<p>Hai il diritto di recedere dal contratto concluso con il Venditore, senza alcuna penalit\u00e0 e senza specificarne il motivo, entro 14 (quattordici) giorni decorrenti dal giorno di consegna del Prodotto acquistato.<\/p>\n<p>Per recedere dal contratto occorre inviare una email all\u2019indirizzo <a href=\"mailto:info@montedellevigne.it\">info@montedellevigne.it<\/a> indicando il numero d\u2019ordine che si desidera rendere, l\u2019indirizzo e-mail, il numero di telefono che sar\u00e0 eventualmente ed esclusivamente utilizzato dal servizio clienti in caso di necessit\u00e0. I recapiti telefonici NON saranno utilizzati a fini pubblicitari.<br \/>\nDovrai specificare su quale prodotto vuoi esercitare il diritto di recesso e, se lo ritieni opportuno, la motivazione del reso (questa informazione ci aiuta a fornire un servizio migliore).<br \/>\nL\u2019esercizio del diritto di recesso Ti verr\u00e0 confermato con un\u2019email inviata all\u2019indirizzo da Te fornito al momento dell\u2019invio dell\u2019ordine; in tale messaggio troverai le indicazioni necessarie per procedere con il reso dei prodotti per i quali hai esercitato il diritto di recesso.<\/p>\n<p>Il diritto di recesso \u00e8 comunque sottoposto alle seguenti condizioni:<\/p>\n<p>1. Il diritto si applica al prodotto acquistato nella sua interezza; non \u00e8 possibile esercitare recesso solamente su parte del prodotto acquistato.<\/p>\n<p>2. Il diritto si applica al prodotto acquistato che sia integro, comprensivo della confezione esterna e\/o dell\u2019involucro contente il prodotto acquistato.<\/p>\n<p>3. Le spese di spedizione relative alla restituzione del bene sono a carico del cliente.<\/p>\n<p>4.La spedizione, fino all\u2019attestato di avvenuto ricevimento nel nostro magazzino, \u00e8 sotto la completa responsabilit\u00e0 del cliente.<\/p>\n<p>5. Il Venditore non risponde in nessun modo per danneggiamenti o furto\/smarrimento di beni restituiti con spedizioni non assicurate.<\/p>\n<p>6. In caso di danneggiamento del bene durante il trasporto, il Venditore dar\u00e0 comunicazione al cliente dell\u2019accaduto (entro 5 giorni lavorativi dal ricevimento del bene nei propri magazzini), per consentirgli di sporgere denuncia nei confronti del corriere da lui scelto e ottenere il rimborso del valore del bene (se assicurato). In questa eventualit\u00e0, il prodotto sar\u00e0 messo a disposizione del cliente per la sua restituzione contemporaneamente annullando la richiesta di recesso.<\/p>\n<p>Il diritto di recesso decade totalmente, per mancanza della condizione essenziale di integrit\u00e0 del bene (confezione e\/o suo contenuto), nei casi in cui si accerti:<\/p>\n<p>a. La mancanza della confezione esterna e\/o dell\u2019involucro contenente il prodotto acquistato;<\/p>\n<p>b. Il danneggiamento del prodotto sopravvenuto alla consegna dello stesso da parte del Venditore.<\/p>\n<p>Nel caso di decadenza del diritto di recesso, il Venditore provveder\u00e0 a restituire al mittente il bene acquistato, addebitando allo stesso le spese di spedizione.<\/p>\n<p>Il Diritto di Recesso \u2013 oltre al rispetto dei termini e delle modalit\u00e0 descritte qui sopra \u2013 si intende esercitato correttamente qualora siano interamente rispettate anche le seguenti condizioni:<\/p>\n<p>\u2013 il diritto di recesso \u00e8 esercitato correttamente e trasmesso al Venditore entro 14 (quattordici) giorni dalla data in cui il Prodotto acquistato \u00e8 stato consegnato.<\/p>\n<p>Se il Diritto di Recesso \u00e8 esercitato seguendo le modalit\u00e0 ed i termini indicati, il Venditore provvede a rimborsare le eventuali somme gi\u00e0 incassate per l\u2019acquisto dei prodotti secondo le modalit\u00e0 ed i termini previsti.<\/p>\n<p>Le somme ti saranno rimborsate nel minore tempo possibile ed, in ogni caso, entro 14 (quattordici) giorni dalla data in cui il Venditore \u00e8 venuto a conoscenza dell\u2019esercizio del tuo diritto di recesso, provveder\u00e0 ad attivare le procedure di rimborso, una volta verificata la corretta esecuzione dei termini e delle condizioni sopra indicate, come indicato nel paragrafo 7 dei <a href=\"\/termini-e-condizioni\/\">Termini e Condizioni Generali di Vendita<\/a>, che Ti invitiamo a leggere attentamente.<\/p>\n<p>Qualora non siano rispettati le modalit\u00e0 ed i termini per l\u2019esercizio del tuo diritto di recesso, non avrai diritto al rimborso delle somme gi\u00e0 corrisposte al Venditore. Per una descrizione pi\u00f9 dettagliata si prega di consultare <a href=\"\/termini-e-condizioni\/\">Termini e Condizioni<\/a>.[\/et_pb_text][\/et_pb_column][\/et_pb_row][\/et_pb_section]<\/p>\n","protected":false},"excerpt":{"rendered":"<p>Diritto di Recesso &nbsp; Gli acquisti fatti accedendo sul sito web montedellevigne.it sono regolamentati anche dalla normativa del Codice del Consumo ( D. Lgs, n. 206\/2005), e specificatamente da quanto previsto al capo I del Titolo III della Parte III della citata normativa, tali acquisti pertanto sono protetti anche dal Diritto di Recesso come indicato [&hellip;]<\/p>\n","protected":false},"author":6,"featured_media":0,"parent":0,"menu_order":0,"comment_status":"closed","ping_status":"closed","template":"","meta":{"_et_pb_use_builder":"on","_et_pb_old_content":"[vc_row css=\".vc_custom_1567678786043{padding-top: 60px !important;}\"][vc_column][vc_column_text css=\".vc_custom_1588847011983{margin-top: 20px !important;}\" el_class=\"wine-title\"]\r\n<h5>Diritto di Recesso<\/h5>\r\nGli acquisti fatti accedendo sul sito web montedellevigne.it sono regolamentati anche dalla normativa del Codice del Consumo ( D. Lgs, n. 206\/2005), e specificatamente da quanto previsto al capo I del Titolo III della Parte III della citata normativa, tali acquisti pertanto sono protetti anche dal Diritto di Recesso come indicato nei Termini e Condizioni generali di vendita.\r\n\r\nHai il diritto di recedere dal contratto concluso con il Venditore, senza alcuna penalit\u00e0 e senza specificarne il motivo, entro 14 (quattordici) giorni decorrenti dal giorno di consegna del Prodotto acquistato.\r\n\r\nPer recedere dal contratto occorre inviare una email all\u2019indirizzo <a href=\"mailto:info@montedellevigne.it\">info@montedellevigne.it<\/a> indicando il numero d\u2019ordine che si desidera rendere, l\u2019indirizzo e-mail, il numero di telefono che sar\u00e0 eventualmente ed esclusivamente utilizzato dal servizio clienti in caso di necessit\u00e0. I recapiti telefonici NON saranno utilizzati a fini pubblicitari.\r\nDovrai specificare su quale prodotto vuoi esercitare il diritto di recesso e, se lo ritieni opportuno, la motivazione del reso (questa informazione ci aiuta a fornire un servizio migliore).\r\nL\u2019esercizio del diritto di recesso Ti verr\u00e0 confermato con un\u2019email inviata all\u2019indirizzo da Te fornito al momento dell\u2019invio dell\u2019ordine; in tale messaggio troverai le indicazioni necessarie per procedere con il reso dei prodotti per i quali hai esercitato il diritto di recesso.\r\n\r\nIl diritto di recesso \u00e8 comunque sottoposto alle seguenti condizioni:\r\n\r\n1. Il diritto si applica al prodotto acquistato nella sua interezza; non \u00e8 possibile esercitare recesso solamente su parte del prodotto acquistato.\r\n\r\n2. Il diritto si applica al prodotto acquistato che sia integro, comprensivo della confezione esterna e\/o dell\u2019involucro contente il prodotto acquistato.\r\n\r\n3. Le spese di spedizione relative alla restituzione del bene sono a carico del cliente.\r\n\r\n4.La spedizione, fino all\u2019attestato di avvenuto ricevimento nel nostro magazzino, \u00e8 sotto la completa responsabilit\u00e0 del cliente.\r\n\r\n5. Il Venditore non risponde in nessun modo per danneggiamenti o furto\/smarrimento di beni restituiti con spedizioni non assicurate.\r\n\r\n6. In caso di danneggiamento del bene durante il trasporto, il Venditore dar\u00e0 comunicazione al cliente dell\u2019accaduto (entro 5 giorni lavorativi dal ricevimento del bene nei propri magazzini), per consentirgli di sporgere denuncia nei confronti del corriere da lui scelto e ottenere il rimborso del valore del bene (se assicurato). In questa eventualit\u00e0, il prodotto sar\u00e0 messo a disposizione del cliente per la sua restituzione contemporaneamente annullando la richiesta di recesso.\r\n\r\nIl diritto di recesso decade totalmente, per mancanza della condizione essenziale di integrit\u00e0 del bene (confezione e\/o suo contenuto), nei casi in cui si accerti:\r\n\r\na. La mancanza della confezione esterna e\/o dell\u2019involucro contenente il prodotto acquistato;\r\n\r\nb. Il danneggiamento del prodotto sopravvenuto alla consegna dello stesso da parte del Venditore.\r\n\r\nNel caso di decadenza del diritto di recesso, il Venditore provveder\u00e0 a restituire al mittente il bene acquistato, addebitando allo stesso le spese di spedizione.\r\n\r\nIl Diritto di Recesso \u2013 oltre al rispetto dei termini e delle modalit\u00e0 descritte qui sopra \u2013 si intende esercitato correttamente qualora siano interamente rispettate anche le seguenti condizioni:\r\n\r\n\u2013 il diritto di recesso \u00e8 esercitato correttamente e trasmesso al Venditore entro 14 (quattordici) giorni dalla data in cui il Prodotto acquistato \u00e8 stato consegnato.\r\n\r\nSe il Diritto di Recesso \u00e8 esercitato seguendo le modalit\u00e0 ed i termini indicati, il Venditore provvede a rimborsare le eventuali somme gi\u00e0 incassate per l\u2019acquisto dei prodotti secondo le modalit\u00e0 ed i termini previsti.\r\n\r\nLe somme ti saranno rimborsate nel minore tempo possibile ed, in ogni caso, entro 14 (quattordici) giorni dalla data in cui il Venditore \u00e8 venuto a conoscenza dell\u2019esercizio del tuo diritto di recesso, provveder\u00e0 ad attivare le procedure di rimborso, una volta verificata la corretta esecuzione dei termini e delle condizioni sopra indicate, come indicato nel paragrafo 7 dei <a href=\"\/termini-e-condizioni\/\">Termini e Condizioni Generali di Vendita<\/a>, che Ti invitiamo a leggere attentamente.\r\n\r\nQualora non siano rispettati le modalit\u00e0 ed i termini per l\u2019esercizio del tuo diritto di recesso, non avrai diritto al rimborso delle somme gi\u00e0 corrisposte al Venditore. Per una descrizione pi\u00f9 dettagliata si prega di consultare <a href=\"\/termini-e-condizioni\/\">Termini e Condizioni<\/a>.[\/vc_column_text][\/vc_column][\/vc_row]","_et_gb_content_width":"","footnotes":""},"class_list":["post-4120","page","type-page","status-publish","hentry"],"yoast_head":"<!-- This site is optimized with the Yoast SEO plugin v27.4 - https:\/\/yoast.com\/product\/yoast-seo-wordpress\/ -->\n<title>Diritto di Recesso - Monte delle Vigne<\/title>\n<meta name=\"robots\" content=\"index, follow, max-snippet:-1, max-image-preview:large, max-video-preview:-1\" \/>\n<link rel=\"canonical\" href=\"https:\/\/montedellevigne.it\/it\/diritto-di-recesso\/\" \/>\n<meta property=\"og:locale\" content=\"it_IT\" \/>\n<meta property=\"og:type\" content=\"article\" \/>\n<meta property=\"og:title\" content=\"Diritto di Recesso - Monte delle Vigne\" \/>\n<meta property=\"og:description\" content=\"Diritto di Recesso &nbsp; Gli acquisti fatti accedendo sul sito web montedellevigne.it sono regolamentati anche dalla normativa del Codice del Consumo ( D. Lgs, n. 206\/2005), e specificatamente da quanto previsto al capo I del Titolo III della Parte III della citata normativa, tali acquisti pertanto sono protetti anche dal Diritto di Recesso come indicato [&hellip;]\" \/>\n<meta property=\"og:url\" content=\"https:\/\/montedellevigne.it\/it\/diritto-di-recesso\/\" \/>\n<meta property=\"og:site_name\" content=\"Monte delle Vigne\" \/>\n<meta property=\"article:modified_time\" content=\"2021-04-28T10:04:24+00:00\" \/>\n<meta name=\"twitter:card\" content=\"summary_large_image\" \/>\n<meta name=\"twitter:label1\" content=\"Tempo di lettura stimato\" \/>\n\t<meta name=\"twitter:data1\" content=\"4 minuti\" \/>\n<script type=\"application\/ld+json\" class=\"yoast-schema-graph\">{\"@context\":\"https:\\\/\\\/schema.org\",\"@graph\":[{\"@type\":\"WebPage\",\"@id\":\"https:\\\/\\\/montedellevigne.it\\\/diritto-di-recesso\\\/\",\"url\":\"https:\\\/\\\/montedellevigne.it\\\/diritto-di-recesso\\\/\",\"name\":\"Diritto di Recesso - Monte delle Vigne\",\"isPartOf\":{\"@id\":\"https:\\\/\\\/montedellevigne.it\\\/it\\\/#website\"},\"datePublished\":\"2020-05-07T10:09:07+00:00\",\"dateModified\":\"2021-04-28T10:04:24+00:00\",\"inLanguage\":\"it-IT\",\"potentialAction\":[{\"@type\":\"ReadAction\",\"target\":[\"https:\\\/\\\/montedellevigne.it\\\/diritto-di-recesso\\\/\"]}]},{\"@type\":\"WebSite\",\"@id\":\"https:\\\/\\\/montedellevigne.it\\\/it\\\/#website\",\"url\":\"https:\\\/\\\/montedellevigne.it\\\/it\\\/\",\"name\":\"Monte delle Vigne\",\"description\":\"\",\"publisher\":{\"@id\":\"https:\\\/\\\/montedellevigne.it\\\/it\\\/#organization\"},\"potentialAction\":[{\"@type\":\"SearchAction\",\"target\":{\"@type\":\"EntryPoint\",\"urlTemplate\":\"https:\\\/\\\/montedellevigne.it\\\/it\\\/?s={search_term_string}\"},\"query-input\":{\"@type\":\"PropertyValueSpecification\",\"valueRequired\":true,\"valueName\":\"search_term_string\"}}],\"inLanguage\":\"it-IT\"},{\"@type\":\"Organization\",\"@id\":\"https:\\\/\\\/montedellevigne.it\\\/it\\\/#organization\",\"name\":\"Monte delle Vigne\",\"url\":\"https:\\\/\\\/montedellevigne.it\\\/it\\\/\",\"logo\":{\"@type\":\"ImageObject\",\"inLanguage\":\"it-IT\",\"@id\":\"https:\\\/\\\/montedellevigne.it\\\/it\\\/#\\\/schema\\\/logo\\\/image\\\/\",\"url\":\"https:\\\/\\\/montedellevigne.it\\\/wp-content\\\/uploads\\\/2020\\\/05\\\/MdV-logo-trasp-no-foglia.png\",\"contentUrl\":\"https:\\\/\\\/montedellevigne.it\\\/wp-content\\\/uploads\\\/2020\\\/05\\\/MdV-logo-trasp-no-foglia.png\",\"width\":393,\"height\":200,\"caption\":\"Monte delle Vigne\"},\"image\":{\"@id\":\"https:\\\/\\\/montedellevigne.it\\\/it\\\/#\\\/schema\\\/logo\\\/image\\\/\"}}]}<\/script>\n<!-- \/ Yoast SEO plugin. -->","yoast_head_json":{"title":"Diritto di Recesso - Monte delle Vigne","robots":{"index":"index","follow":"follow","max-snippet":"max-snippet:-1","max-image-preview":"max-image-preview:large","max-video-preview":"max-video-preview:-1"},"canonical":"https:\/\/montedellevigne.it\/it\/diritto-di-recesso\/","og_locale":"it_IT","og_type":"article","og_title":"Diritto di Recesso - Monte delle Vigne","og_description":"Diritto di Recesso &nbsp; Gli acquisti fatti accedendo sul sito web montedellevigne.it sono regolamentati anche dalla normativa del Codice del Consumo ( D. Lgs, n. 206\/2005), e specificatamente da quanto previsto al capo I del Titolo III della Parte III della citata normativa, tali acquisti pertanto sono protetti anche dal Diritto di Recesso come indicato [&hellip;]","og_url":"https:\/\/montedellevigne.it\/it\/diritto-di-recesso\/","og_site_name":"Monte delle Vigne","article_modified_time":"2021-04-28T10:04:24+00:00","twitter_card":"summary_large_image","twitter_misc":{"Tempo di lettura stimato":"4 minuti"},"schema":{"@context":"https:\/\/schema.org","@graph":[{"@type":"WebPage","@id":"https:\/\/montedellevigne.it\/diritto-di-recesso\/","url":"https:\/\/montedellevigne.it\/diritto-di-recesso\/","name":"Diritto di Recesso - Monte delle Vigne","isPartOf":{"@id":"https:\/\/montedellevigne.it\/it\/#website"},"datePublished":"2020-05-07T10:09:07+00:00","dateModified":"2021-04-28T10:04:24+00:00","inLanguage":"it-IT","potentialAction":[{"@type":"ReadAction","target":["https:\/\/montedellevigne.it\/diritto-di-recesso\/"]}]},{"@type":"WebSite","@id":"https:\/\/montedellevigne.it\/it\/#website","url":"https:\/\/montedellevigne.it\/it\/","name":"Monte delle Vigne","description":"","publisher":{"@id":"https:\/\/montedellevigne.it\/it\/#organization"},"potentialAction":[{"@type":"SearchAction","target":{"@type":"EntryPoint","urlTemplate":"https:\/\/montedellevigne.it\/it\/?s={search_term_string}"},"query-input":{"@type":"PropertyValueSpecification","valueRequired":true,"valueName":"search_term_string"}}],"inLanguage":"it-IT"},{"@type":"Organization","@id":"https:\/\/montedellevigne.it\/it\/#organization","name":"Monte delle Vigne","url":"https:\/\/montedellevigne.it\/it\/","logo":{"@type":"ImageObject","inLanguage":"it-IT","@id":"https:\/\/montedellevigne.it\/it\/#\/schema\/logo\/image\/","url":"https:\/\/montedellevigne.it\/wp-content\/uploads\/2020\/05\/MdV-logo-trasp-no-foglia.png","contentUrl":"https:\/\/montedellevigne.it\/wp-content\/uploads\/2020\/05\/MdV-logo-trasp-no-foglia.png","width":393,"height":200,"caption":"Monte delle Vigne"},"image":{"@id":"https:\/\/montedellevigne.it\/it\/#\/schema\/logo\/image\/"}}]}},"_links":{"self":[{"href":"https:\/\/montedellevigne.it\/it\/wp-json\/wp\/v2\/pages\/4120","targetHints":{"allow":["GET"]}}],"collection":[{"href":"https:\/\/montedellevigne.it\/it\/wp-json\/wp\/v2\/pages"}],"about":[{"href":"https:\/\/montedellevigne.it\/it\/wp-json\/wp\/v2\/types\/page"}],"author":[{"embeddable":true,"href":"https:\/\/montedellevigne.it\/it\/wp-json\/wp\/v2\/users\/6"}],"replies":[{"embeddable":true,"href":"https:\/\/montedellevigne.it\/it\/wp-json\/wp\/v2\/comments?post=4120"}],"version-history":[{"count":0,"href":"https:\/\/montedellevigne.it\/it\/wp-json\/wp\/v2\/pages\/4120\/revisions"}],"wp:attachment":[{"href":"https:\/\/montedellevigne.it\/it\/wp-json\/wp\/v2\/media?parent=4120"}],"curies":[{"name":"wp","href":"https:\/\/api.w.org\/{rel}","templated":true}]}}